{"id":53,"date":"2023-01-11T10:23:57","date_gmt":"2023-01-11T09:23:57","guid":{"rendered":"http:\/\/helyoarchitectes.com\/?page_id=53"},"modified":"2023-01-17T12:14:30","modified_gmt":"2023-01-17T11:14:30","slug":"pre-billy-pringy","status":"publish","type":"page","link":"https:\/\/helyoarchitectes.com\/?page_id=53","title":{"rendered":"PRE BILLY PRINGY"},"content":{"rendered":"\t\t<div data-elementor-type=\"wp-page\" data-elementor-id=\"53\" class=\"elementor elementor-53\">\n\t\t\t\t\t\t<section class=\"elementor-section elementor-top-section elementor-element elementor-element-195da70 elementor-section-full_width elementor-section-height-default elementor-section-height-default\" data-id=\"195da70\" data-element_type=\"section\" data-e-type=\"section\">\n\t\t\t\t\t\t<div class=\"elementor-container elementor-column-gap-default\">\n\t\t\t\t\t<div class=\"elementor-column elementor-col-100 elementor-top-column elementor-element elementor-element-df40423\" data-id=\"df40423\" data-element_type=\"column\" data-e-type=\"column\">\n\t\t\t<div class=\"elementor-widget-wrap elementor-element-populated\">\n\t\t\t\t\t\t<div class=\"elementor-element elementor-element-8a34821 elementor-widget elementor-widget-heading\" data-id=\"8a34821\" data-element_type=\"widget\" data-e-type=\"widget\" data-widget_type=\"heading.default\">\n\t\t\t\t<div class=\"elementor-widget-container\">\n\t\t\t\t\t<h2 class=\"elementor-heading-title elementor-size-default\">PRE BILLY  PRINGY (74)<\/h2>\t\t\t\t<\/div>\n\t\t\t\t<\/div>\n\t\t\t\t\t<\/div>\n\t\t<\/div>\n\t\t\t\t\t<\/div>\n\t\t<\/section>\n\t\t\t\t<section class=\"elementor-section elementor-top-section elementor-element elementor-element-b205a6d elementor-section-full_width elementor-section-height-default elementor-section-height-default\" data-id=\"b205a6d\" data-element_type=\"section\" data-e-type=\"section\">\n\t\t\t\t\t\t<div class=\"elementor-container elementor-column-gap-default\">\n\t\t\t\t\t<div class=\"elementor-column elementor-col-33 elementor-top-column elementor-element elementor-element-fcb74f0\" data-id=\"fcb74f0\" data-element_type=\"column\" data-e-type=\"column\">\n\t\t\t<div class=\"elementor-widget-wrap elementor-element-populated\">\n\t\t\t\t\t\t<div class=\"elementor-element elementor-element-ff629d6 elementor-widget elementor-widget-text-editor\" data-id=\"ff629d6\" data-element_type=\"widget\" data-e-type=\"widget\" data-widget_type=\"text-editor.default\">\n\t\t\t\t<div class=\"elementor-widget-container\">\n\t\t\t\t\t\t\t\t\t<p>PR<b>OGRAMME : Ensemble de 155 logements collectifs r\u00e9partis dans 9 immeubles + 6 maisons individuelles<\/b><\/p>\n<p><b>MOA : TERACTEM<\/b><\/p>\n<p><b>CALENDRIER : livraison 2023 (r\u00e9alis\u00e9 chez SUD)<\/b><\/p>\n<p><b>MONTANT : 21M\u20ac HT<\/b><\/p>\n<p><b>SURFACES : 11 956m\u00b2<\/b><\/p>\n<p><b>ENVIRONNEMENT : Label Eco-Quartier &#8211; Biodivercity Ready<\/b><\/p>\n<p>La ZAC Pr\u00e9 Billy de Pringy prend place au coeur d\u2019un \u00e9crin de nature envisag\u00e9 comme Village Olympique&nbsp;<span style=\"font-size: 14px; color: var( --e-global-color-text );\">lors de la candidature d\u2019Annecy aux Jeux Olympiques d\u2019Hiver 2018.<\/span><\/p><p><span style=\"font-size: 14px; color: var( --e-global-color-text );\">Jouissant d\u2019une&nbsp;<\/span><span style=\"font-size: 14px; color: var( --e-global-color-text );\">situation exceptionnelle \u00e0 proximit\u00e9 des axes de transports majeurs de la r\u00e9gion ann\u00e9cienne, Pr\u00e9 Billy affirme ses ambitions de quartier exemplaire en conjuguant les deux labels Ecoquartier et Biodivercity \u00e0 un projet paysager valorisant. le patrimoine naturel existant.<\/span><\/p>\n<p>&nbsp;Au centre, l\u2019\u00eelot B assure la transition entre l\u2019urbain et la nature, respectivement la zone Pringy-Commerces et le Grand Parc du Gol\u00e9ron.<\/p>\n<p>Trois axes majeurs pi\u00e9tons dirigent les usagers vers le Parc et irriguent les 156 logements collectifs et 6 maisons individuelles, ainsi que 7 commerces en RDC. Les flux automobiles sont quant \u00e0 eux r\u00e9duits aux pourtours de l\u2019\u00eelot.<\/p>\t\t\t\t\t\t\t\t<\/div>\n\t\t\t\t<\/div>\n\t\t\t\t\t<\/div>\n\t\t<\/div>\n\t\t\t\t<div class=\"elementor-column elementor-col-33 elementor-top-column elementor-element elementor-element-c146984\" data-id=\"c146984\" data-element_type=\"column\" data-e-type=\"column\">\n\t\t\t<div class=\"elementor-widget-wrap elementor-element-populated\">\n\t\t\t\t\t\t<div class=\"elementor-element elementor-element-3cc82ef elementor-widget elementor-widget-image\" data-id=\"3cc82ef\" data-element_type=\"widget\" data-e-type=\"widget\" data-widget_type=\"image.default\">\n\t\t\t\t<div class=\"elementor-widget-container\">\n\t\t\t\t\t\t\t\t\t\t\t\t\t\t\t<img fetchpriority=\"high\" decoding=\"async\" width=\"1024\" height=\"682\" src=\"https:\/\/helyoarchitectes.com\/wp-content\/uploads\/2023\/01\/vue02-def2-1-1024x682.jpg\" class=\"attachment-large size-large wp-image-222\" alt=\"\" srcset=\"https:\/\/helyoarchitectes.com\/wp-content\/uploads\/2023\/01\/vue02-def2-1-1024x682.jpg 1024w, https:\/\/helyoarchitectes.com\/wp-content\/uploads\/2023\/01\/vue02-def2-1-300x200.jpg 300w, https:\/\/helyoarchitectes.com\/wp-content\/uploads\/2023\/01\/vue02-def2-1-768x512.jpg 768w, https:\/\/helyoarchitectes.com\/wp-content\/uploads\/2023\/01\/vue02-def2-1-1536x1024.jpg 1536w, https:\/\/helyoarchitectes.com\/wp-content\/uploads\/2023\/01\/vue02-def2-1.jpg 1772w\" sizes=\"(max-width: 1024px) 100vw, 1024px\" \/>\t\t\t\t\t\t\t\t\t\t\t\t\t\t\t<\/div>\n\t\t\t\t<\/div>\n\t\t\t\t<div class=\"elementor-element elementor-element-251708a elementor-widget elementor-widget-image\" data-id=\"251708a\" data-element_type=\"widget\" data-e-type=\"widget\" data-widget_type=\"image.default\">\n\t\t\t\t<div class=\"elementor-widget-container\">\n\t\t\t\t\t\t\t\t\t\t\t\t\t\t\t<img decoding=\"async\" width=\"1024\" height=\"682\" src=\"https:\/\/helyoarchitectes.com\/wp-content\/uploads\/2023\/01\/AXONO2-copie-1024x682.jpg\" class=\"attachment-large size-large wp-image-221\" alt=\"\" srcset=\"https:\/\/helyoarchitectes.com\/wp-content\/uploads\/2023\/01\/AXONO2-copie-1024x682.jpg 1024w, https:\/\/helyoarchitectes.com\/wp-content\/uploads\/2023\/01\/AXONO2-copie-300x200.jpg 300w, https:\/\/helyoarchitectes.com\/wp-content\/uploads\/2023\/01\/AXONO2-copie-768x512.jpg 768w, https:\/\/helyoarchitectes.com\/wp-content\/uploads\/2023\/01\/AXONO2-copie-1536x1024.jpg 1536w, https:\/\/helyoarchitectes.com\/wp-content\/uploads\/2023\/01\/AXONO2-copie.jpg 1772w\" sizes=\"(max-width: 1024px) 100vw, 1024px\" \/>\t\t\t\t\t\t\t\t\t\t\t\t\t\t\t<\/div>\n\t\t\t\t<\/div>\n\t\t\t\t\t<\/div>\n\t\t<\/div>\n\t\t\t\t<div class=\"elementor-column elementor-col-33 elementor-top-column elementor-element elementor-element-4349007\" data-id=\"4349007\" data-element_type=\"column\" data-e-type=\"column\">\n\t\t\t<div class=\"elementor-widget-wrap elementor-element-populated\">\n\t\t\t\t\t\t<div class=\"elementor-element elementor-element-d5f3454 elementor-widget elementor-widget-image\" data-id=\"d5f3454\" data-element_type=\"widget\" data-e-type=\"widget\" data-widget_type=\"image.default\">\n\t\t\t\t<div class=\"elementor-widget-container\">\n\t\t\t\t\t\t\t\t\t\t\t\t\t\t\t<img decoding=\"async\" width=\"1024\" height=\"682\" src=\"https:\/\/helyoarchitectes.com\/wp-content\/uploads\/2023\/01\/18008_Pringy_ZacPreBilly-v2_c09_04-1024x682.jpg\" class=\"attachment-large size-large wp-image-225\" alt=\"\" srcset=\"https:\/\/helyoarchitectes.com\/wp-content\/uploads\/2023\/01\/18008_Pringy_ZacPreBilly-v2_c09_04-1024x682.jpg 1024w, https:\/\/helyoarchitectes.com\/wp-content\/uploads\/2023\/01\/18008_Pringy_ZacPreBilly-v2_c09_04-300x200.jpg 300w, https:\/\/helyoarchitectes.com\/wp-content\/uploads\/2023\/01\/18008_Pringy_ZacPreBilly-v2_c09_04-768x512.jpg 768w, https:\/\/helyoarchitectes.com\/wp-content\/uploads\/2023\/01\/18008_Pringy_ZacPreBilly-v2_c09_04-1536x1024.jpg 1536w, https:\/\/helyoarchitectes.com\/wp-content\/uploads\/2023\/01\/18008_Pringy_ZacPreBilly-v2_c09_04.jpg 1772w\" sizes=\"(max-width: 1024px) 100vw, 1024px\" \/>\t\t\t\t\t\t\t\t\t\t\t\t\t\t\t<\/div>\n\t\t\t\t<\/div>\n\t\t\t\t<div class=\"elementor-element elementor-element-4f4ffd5 elementor-widget elementor-widget-image\" data-id=\"4f4ffd5\" data-element_type=\"widget\" data-e-type=\"widget\" data-widget_type=\"image.default\">\n\t\t\t\t<div class=\"elementor-widget-container\">\n\t\t\t\t\t\t\t\t\t\t\t\t\t\t\t<img loading=\"lazy\" decoding=\"async\" width=\"1024\" height=\"682\" src=\"https:\/\/helyoarchitectes.com\/wp-content\/uploads\/2023\/01\/18008_Pringy_ZacPreBilly-v2_c08_06-1024x682.jpg\" class=\"attachment-large size-large wp-image-220\" alt=\"\" srcset=\"https:\/\/helyoarchitectes.com\/wp-content\/uploads\/2023\/01\/18008_Pringy_ZacPreBilly-v2_c08_06-1024x682.jpg 1024w, https:\/\/helyoarchitectes.com\/wp-content\/uploads\/2023\/01\/18008_Pringy_ZacPreBilly-v2_c08_06-300x200.jpg 300w, https:\/\/helyoarchitectes.com\/wp-content\/uploads\/2023\/01\/18008_Pringy_ZacPreBilly-v2_c08_06-768x512.jpg 768w, https:\/\/helyoarchitectes.com\/wp-content\/uploads\/2023\/01\/18008_Pringy_ZacPreBilly-v2_c08_06-1536x1024.jpg 1536w, https:\/\/helyoarchitectes.com\/wp-content\/uploads\/2023\/01\/18008_Pringy_ZacPreBilly-v2_c08_06.jpg 1772w\" sizes=\"(max-width: 1024px) 100vw, 1024px\" \/>\t\t\t\t\t\t\t\t\t\t\t\t\t\t\t<\/div>\n\t\t\t\t<\/div>\n\t\t\t\t\t<\/div>\n\t\t<\/div>\n\t\t\t\t\t<\/div>\n\t\t<\/section>\n\t\t\t\t<\/div>\n\t\t","protected":false},"excerpt":{"rendered":"<p>PRE BILLY PRINGY (74) PROGRAMME : Ensemble de 155 logements collectifs r\u00e9partis dans 9 immeubles + 6 maisons individuelles MOA : TERACTEM CALENDRIER : livraison 2023 (r\u00e9alis\u00e9 chez SUD) MONTANT : 21M\u20ac HT SURFACES : 11 956m\u00b2 ENVIRONNEMENT : Label Eco-Quartier &#8211; Biodivercity Ready La ZAC Pr\u00e9 Billy de Pringy prend place au coeur d\u2019un [&hellip;]<\/p>\n","protected":false},"author":1,"featured_media":0,"parent":0,"menu_order":0,"comment_status":"closed","ping_status":"closed","template":"","meta":{"ocean_post_layout":"","ocean_both_sidebars_style":"","ocean_both_sidebars_content_width":0,"ocean_both_sidebars_sidebars_width":0,"ocean_sidebar":"","ocean_second_sidebar":"","ocean_disable_margins":"enable","ocean_add_body_class":"","ocean_shortcode_before_top_bar":"","ocean_shortcode_after_top_bar":"","ocean_shortcode_before_header":"","ocean_shortcode_after_header":"","ocean_has_shortcode":"","ocean_shortcode_after_title":"","ocean_shortcode_before_footer_widgets":"","ocean_shortcode_after_footer_widgets":"","ocean_shortcode_before_footer_bottom":"","ocean_shortcode_after_footer_bottom":"","ocean_display_top_bar":"default","ocean_display_header":"default","ocean_header_style":"","ocean_center_header_left_menu":"","ocean_custom_header_template":"","ocean_custom_logo":0,"ocean_custom_retina_logo":0,"ocean_custom_logo_max_width":0,"ocean_custom_logo_tablet_max_width":0,"ocean_custom_logo_mobile_max_width":0,"ocean_custom_logo_max_height":0,"ocean_custom_logo_tablet_max_height":0,"ocean_custom_logo_mobile_max_height":0,"ocean_header_custom_menu":"","ocean_menu_typo_font_family":"","ocean_menu_typo_font_subset":"","ocean_menu_typo_font_size":0,"ocean_menu_typo_font_size_tablet":0,"ocean_menu_typo_font_size_mobile":0,"ocean_menu_typo_font_size_unit":"px","ocean_menu_typo_font_weight":"","ocean_menu_typo_font_weight_tablet":"","ocean_menu_typo_font_weight_mobile":"","ocean_menu_typo_transform":"","ocean_menu_typo_transform_tablet":"","ocean_menu_typo_transform_mobile":"","ocean_menu_typo_line_height":0,"ocean_menu_typo_line_height_tablet":0,"ocean_menu_typo_line_height_mobile":0,"ocean_menu_typo_line_height_unit":"","ocean_menu_typo_spacing":0,"ocean_menu_typo_spacing_tablet":0,"ocean_menu_typo_spacing_mobile":0,"ocean_menu_typo_spacing_unit":"","ocean_menu_link_color":"","ocean_menu_link_color_hover":"","ocean_menu_link_color_active":"","ocean_menu_link_background":"","ocean_menu_link_hover_background":"","ocean_menu_link_active_background":"","ocean_menu_social_links_bg":"","ocean_menu_social_hover_links_bg":"","ocean_menu_social_links_color":"","ocean_menu_social_hover_links_color":"","ocean_disable_title":"default","ocean_disable_heading":"default","ocean_post_title":"","ocean_post_subheading":"","ocean_post_title_style":"","ocean_post_title_background_color":"","ocean_post_title_background":0,"ocean_post_title_bg_image_position":"","ocean_post_title_bg_image_attachment":"","ocean_post_title_bg_image_repeat":"","ocean_post_title_bg_image_size":"","ocean_post_title_height":0,"ocean_post_title_bg_overlay":0.5,"ocean_post_title_bg_overlay_color":"","ocean_disable_breadcrumbs":"default","ocean_breadcrumbs_color":"","ocean_breadcrumbs_separator_color":"","ocean_breadcrumbs_links_color":"","ocean_breadcrumbs_links_hover_color":"","ocean_display_footer_widgets":"default","ocean_display_footer_bottom":"default","ocean_custom_footer_template":"","footnotes":""},"class_list":["post-53","page","type-page","status-publish","hentry","entry"],"yoast_head":"<!-- This site is optimized with the Yoast SEO plugin v22.3 - https:\/\/yoast.com\/wordpress\/plugins\/seo\/ -->\n<title>Helyo architectes<\/title>\n<meta name=\"description\" content=\"agence d&#039;architecture \u00e0 Lyon\" \/>\n<meta name=\"robots\" content=\"index, follow, max-snippet:-1, max-image-preview:large, max-video-preview:-1\" \/>\n<link rel=\"canonical\" href=\"https:\/\/helyoarchitectes.com\/?page_id=53\" \/>\n<meta property=\"og:locale\" content=\"fr_FR\" \/>\n<meta property=\"og:type\" content=\"article\" \/>\n<meta property=\"og:title\" content=\"Helyo architectes\" \/>\n<meta property=\"og:description\" content=\"agence d&#039;architecture \u00e0 Lyon\" \/>\n<meta property=\"og:url\" content=\"https:\/\/helyoarchitectes.com\/?page_id=53\" \/>\n<meta property=\"og:site_name\" content=\"Helyo architectes\" \/>\n<meta property=\"article:modified_time\" content=\"2023-01-17T11:14:30+00:00\" \/>\n<meta property=\"og:image\" content=\"http:\/\/helyoarchitectes.com\/wp-content\/uploads\/2023\/01\/vue02-def2-1-1024x682.jpg\" \/>\n<meta name=\"twitter:card\" content=\"summary_large_image\" \/>\n<meta name=\"twitter:label1\" content=\"Dur\u00e9e de lecture estim\u00e9e\" \/>\n\t<meta name=\"twitter:data1\" content=\"2 minutes\" \/>\n<script type=\"application\/ld+json\" class=\"yoast-schema-graph\">{\"@context\":\"https:\/\/schema.org\",\"@graph\":[{\"@type\":\"WebPage\",\"@id\":\"https:\/\/helyoarchitectes.com\/?page_id=53\",\"url\":\"https:\/\/helyoarchitectes.com\/?page_id=53\",\"name\":\"Helyo architectes\",\"isPartOf\":{\"@id\":\"http:\/\/helyoarchitectes.com\/#website\"},\"primaryImageOfPage\":{\"@id\":\"https:\/\/helyoarchitectes.com\/?page_id=53#primaryimage\"},\"image\":{\"@id\":\"https:\/\/helyoarchitectes.com\/?page_id=53#primaryimage\"},\"thumbnailUrl\":\"http:\/\/helyoarchitectes.com\/wp-content\/uploads\/2023\/01\/vue02-def2-1-1024x682.jpg\",\"datePublished\":\"2023-01-11T09:23:57+00:00\",\"dateModified\":\"2023-01-17T11:14:30+00:00\",\"description\":\"agence d'architecture \u00e0 Lyon\",\"breadcrumb\":{\"@id\":\"https:\/\/helyoarchitectes.com\/?page_id=53#breadcrumb\"},\"inLanguage\":\"fr-FR\",\"potentialAction\":[{\"@type\":\"ReadAction\",\"target\":[\"https:\/\/helyoarchitectes.com\/?page_id=53\"]}]},{\"@type\":\"ImageObject\",\"inLanguage\":\"fr-FR\",\"@id\":\"https:\/\/helyoarchitectes.com\/?page_id=53#primaryimage\",\"url\":\"https:\/\/helyoarchitectes.com\/wp-content\/uploads\/2023\/01\/vue02-def2-1.jpg\",\"contentUrl\":\"https:\/\/helyoarchitectes.com\/wp-content\/uploads\/2023\/01\/vue02-def2-1.jpg\",\"width\":1772,\"height\":1181},{\"@type\":\"BreadcrumbList\",\"@id\":\"https:\/\/helyoarchitectes.com\/?page_id=53#breadcrumb\",\"itemListElement\":[{\"@type\":\"ListItem\",\"position\":1,\"name\":\"Accueil\",\"item\":\"http:\/\/helyoarchitectes.com\/\"},{\"@type\":\"ListItem\",\"position\":2,\"name\":\"PRE BILLY PRINGY\"}]},{\"@type\":\"WebSite\",\"@id\":\"http:\/\/helyoarchitectes.com\/#website\",\"url\":\"http:\/\/helyoarchitectes.com\/\",\"name\":\"helyoarchitectes.com\",\"description\":\"Un site utilisant WordPress\",\"publisher\":{\"@id\":\"http:\/\/helyoarchitectes.com\/#organization\"},\"alternateName\":\"helyoarchitectes.com\",\"potentialAction\":[{\"@type\":\"SearchAction\",\"target\":{\"@type\":\"EntryPoint\",\"urlTemplate\":\"http:\/\/helyoarchitectes.com\/?s={search_term_string}\"},\"query-input\":\"required name=search_term_string\"}],\"inLanguage\":\"fr-FR\"},{\"@type\":\"Organization\",\"@id\":\"http:\/\/helyoarchitectes.com\/#organization\",\"name\":\"helyo architectes\",\"alternateName\":\"helyo\",\"url\":\"http:\/\/helyoarchitectes.com\/\",\"logo\":{\"@type\":\"ImageObject\",\"inLanguage\":\"fr-FR\",\"@id\":\"http:\/\/helyoarchitectes.com\/#\/schema\/logo\/image\/\",\"url\":\"https:\/\/helyoarchitectes.com\/wp-content\/uploads\/2023\/01\/cropped-helyo_architectes_final.jpg\",\"contentUrl\":\"https:\/\/helyoarchitectes.com\/wp-content\/uploads\/2023\/01\/cropped-helyo_architectes_final.jpg\",\"width\":478,\"height\":276,\"caption\":\"helyo architectes\"},\"image\":{\"@id\":\"http:\/\/helyoarchitectes.com\/#\/schema\/logo\/image\/\"}}]}<\/script>\n<!-- \/ Yoast SEO plugin. -->","yoast_head_json":{"title":"Helyo architectes","description":"agence d'architecture \u00e0 Lyon","robots":{"index":"index","follow":"follow","max-snippet":"max-snippet:-1","max-image-preview":"max-image-preview:large","max-video-preview":"max-video-preview:-1"},"canonical":"https:\/\/helyoarchitectes.com\/?page_id=53","og_locale":"fr_FR","og_type":"article","og_title":"Helyo architectes","og_description":"agence d'architecture \u00e0 Lyon","og_url":"https:\/\/helyoarchitectes.com\/?page_id=53","og_site_name":"Helyo architectes","article_modified_time":"2023-01-17T11:14:30+00:00","og_image":[{"url":"http:\/\/helyoarchitectes.com\/wp-content\/uploads\/2023\/01\/vue02-def2-1-1024x682.jpg"}],"twitter_card":"summary_large_image","twitter_misc":{"Dur\u00e9e de lecture estim\u00e9e":"2 minutes"},"schema":{"@context":"https:\/\/schema.org","@graph":[{"@type":"WebPage","@id":"https:\/\/helyoarchitectes.com\/?page_id=53","url":"https:\/\/helyoarchitectes.com\/?page_id=53","name":"Helyo architectes","isPartOf":{"@id":"http:\/\/helyoarchitectes.com\/#website"},"primaryImageOfPage":{"@id":"https:\/\/helyoarchitectes.com\/?page_id=53#primaryimage"},"image":{"@id":"https:\/\/helyoarchitectes.com\/?page_id=53#primaryimage"},"thumbnailUrl":"http:\/\/helyoarchitectes.com\/wp-content\/uploads\/2023\/01\/vue02-def2-1-1024x682.jpg","datePublished":"2023-01-11T09:23:57+00:00","dateModified":"2023-01-17T11:14:30+00:00","description":"agence d'architecture \u00e0 Lyon","breadcrumb":{"@id":"https:\/\/helyoarchitectes.com\/?page_id=53#breadcrumb"},"inLanguage":"fr-FR","potentialAction":[{"@type":"ReadAction","target":["https:\/\/helyoarchitectes.com\/?page_id=53"]}]},{"@type":"ImageObject","inLanguage":"fr-FR","@id":"https:\/\/helyoarchitectes.com\/?page_id=53#primaryimage","url":"https:\/\/helyoarchitectes.com\/wp-content\/uploads\/2023\/01\/vue02-def2-1.jpg","contentUrl":"https:\/\/helyoarchitectes.com\/wp-content\/uploads\/2023\/01\/vue02-def2-1.jpg","width":1772,"height":1181},{"@type":"BreadcrumbList","@id":"https:\/\/helyoarchitectes.com\/?page_id=53#breadcrumb","itemListElement":[{"@type":"ListItem","position":1,"name":"Accueil","item":"http:\/\/helyoarchitectes.com\/"},{"@type":"ListItem","position":2,"name":"PRE BILLY PRINGY"}]},{"@type":"WebSite","@id":"http:\/\/helyoarchitectes.com\/#website","url":"http:\/\/helyoarchitectes.com\/","name":"helyoarchitectes.com","description":"Un site utilisant WordPress","publisher":{"@id":"http:\/\/helyoarchitectes.com\/#organization"},"alternateName":"helyoarchitectes.com","potentialAction":[{"@type":"SearchAction","target":{"@type":"EntryPoint","urlTemplate":"http:\/\/helyoarchitectes.com\/?s={search_term_string}"},"query-input":"required name=search_term_string"}],"inLanguage":"fr-FR"},{"@type":"Organization","@id":"http:\/\/helyoarchitectes.com\/#organization","name":"helyo architectes","alternateName":"helyo","url":"http:\/\/helyoarchitectes.com\/","logo":{"@type":"ImageObject","inLanguage":"fr-FR","@id":"http:\/\/helyoarchitectes.com\/#\/schema\/logo\/image\/","url":"https:\/\/helyoarchitectes.com\/wp-content\/uploads\/2023\/01\/cropped-helyo_architectes_final.jpg","contentUrl":"https:\/\/helyoarchitectes.com\/wp-content\/uploads\/2023\/01\/cropped-helyo_architectes_final.jpg","width":478,"height":276,"caption":"helyo architectes"},"image":{"@id":"http:\/\/helyoarchitectes.com\/#\/schema\/logo\/image\/"}}]}},"_links":{"self":[{"href":"https:\/\/helyoarchitectes.com\/index.php?rest_route=\/wp\/v2\/pages\/53","targetHints":{"allow":["GET"]}}],"collection":[{"href":"https:\/\/helyoarchitectes.com\/index.php?rest_route=\/wp\/v2\/pages"}],"about":[{"href":"https:\/\/helyoarchitectes.com\/index.php?rest_route=\/wp\/v2\/types\/page"}],"author":[{"embeddable":true,"href":"https:\/\/helyoarchitectes.com\/index.php?rest_route=\/wp\/v2\/users\/1"}],"replies":[{"embeddable":true,"href":"https:\/\/helyoarchitectes.com\/index.php?rest_route=%2Fwp%2Fv2%2Fcomments&post=53"}],"version-history":[{"count":10,"href":"https:\/\/helyoarchitectes.com\/index.php?rest_route=\/wp\/v2\/pages\/53\/revisions"}],"predecessor-version":[{"id":449,"href":"https:\/\/helyoarchitectes.com\/index.php?rest_route=\/wp\/v2\/pages\/53\/revisions\/449"}],"wp:attachment":[{"href":"https:\/\/helyoarchitectes.com\/index.php?rest_route=%2Fwp%2Fv2%2Fmedia&parent=53"}],"curies":[{"name":"wp","href":"https:\/\/api.w.org\/{rel}","templated":true}]}}