{"id":5,"date":"2023-01-10T11:47:01","date_gmt":"2023-01-10T10:47:01","guid":{"rendered":"http:\/\/helyoarchitectes.com\/?page_id=5"},"modified":"2024-03-28T13:58:34","modified_gmt":"2024-03-28T12:58:34","slug":"helyoarchitectes","status":"publish","type":"page","link":"https:\/\/helyoarchitectes.com\/","title":{"rendered":"ACCUEIL"},"content":{"rendered":"\t\t<div data-elementor-type=\"wp-page\" data-elementor-id=\"5\" class=\"elementor elementor-5\">\n\t\t\t\t\t\t<section class=\"elementor-section elementor-top-section elementor-element elementor-element-d23b4a2 elementor-section-full_width elementor-section-height-default elementor-section-height-default\" data-id=\"d23b4a2\" data-element_type=\"section\" data-e-type=\"section\">\n\t\t\t\t\t\t<div class=\"elementor-container elementor-column-gap-default\">\n\t\t\t\t\t<div class=\"elementor-column elementor-col-100 elementor-top-column elementor-element elementor-element-92a7cc1\" data-id=\"92a7cc1\" data-element_type=\"column\" data-e-type=\"column\">\n\t\t\t<div class=\"elementor-widget-wrap elementor-element-populated\">\n\t\t\t\t\t\t<div class=\"elementor-element elementor-element-53e8ad9 e-transform elementor-widget elementor-widget-text-editor\" data-id=\"53e8ad9\" data-element_type=\"widget\" data-e-type=\"widget\" data-settings=\"{&quot;_transform_scale_effect&quot;:{&quot;unit&quot;:&quot;px&quot;,&quot;size&quot;:0.9,&quot;sizes&quot;:[]},&quot;_transform_scale_effect_tablet&quot;:{&quot;unit&quot;:&quot;px&quot;,&quot;size&quot;:&quot;&quot;,&quot;sizes&quot;:[]},&quot;_transform_scale_effect_mobile&quot;:{&quot;unit&quot;:&quot;px&quot;,&quot;size&quot;:&quot;&quot;,&quot;sizes&quot;:[]}}\" data-widget_type=\"text-editor.default\">\n\t\t\t\t<div class=\"elementor-widget-container\">\n\t\t\t\t\t\t\t\t\t<p class=\"MsoNormal\">\n<\/p><h1>\nHELYO ARCHITECTES avec plus de 20 ans d\u2019exp\u00e9rience vous<br><ul>\n<\/ul>\naccompagne dans la r\u00e9alisation de vos projets d\u2019architecture, d\u2019architecture d\u2019int\u00e9rieur<br><ul>\n<\/ul>\net d\u2019urbanisme.<br><ul>\n<\/ul>\nSp\u00e9cialis\u00e9e dans le d\u00e9veloppement durable, l\u2019agence r\u00e9alise<br><ul>\n<\/ul>\ndes projets mixtes (r\u00e9sidentiels, tertiaires, industriels, &nbsp;r\u00e9habilitations, extensions, priv\u00e9s, publics)<br><ul>\n<\/ul>\navec une volont\u00e9 constante de proposer des projets ambitieux, int\u00e9gr\u00e9s en privil\u00e9giant<br><ul>\n<\/ul>\nla qualit\u00e9 de vie de l\u2019usager.<br><ul>\n<\/ul>\n<\/h1>\n<p class=\"MsoNormal\"><o:p><\/o:p><\/p>\n<p><\/p>\t\t\t\t\t\t\t\t<\/div>\n\t\t\t\t<\/div>\n\t\t\t\t\t<\/div>\n\t\t<\/div>\n\t\t\t\t\t<\/div>\n\t\t<\/section>\n\t\t\t\t<section class=\"elementor-section elementor-top-section elementor-element elementor-element-5e64f5d elementor-section-boxed elementor-section-height-default elementor-section-height-default\" data-id=\"5e64f5d\" data-element_type=\"section\" data-e-type=\"section\">\n\t\t\t\t\t\t<div class=\"elementor-container elementor-column-gap-default\">\n\t\t\t\t\t<div class=\"elementor-column elementor-col-100 elementor-top-column elementor-element elementor-element-c855d89\" data-id=\"c855d89\" data-element_type=\"column\" data-e-type=\"column\">\n\t\t\t<div class=\"elementor-widget-wrap elementor-element-populated\">\n\t\t\t\t\t\t<div class=\"elementor-element elementor-element-81c186c e-transform elementor-widget elementor-widget-image\" data-id=\"81c186c\" data-element_type=\"widget\" data-e-type=\"widget\" data-settings=\"{&quot;_transform_scale_effect&quot;:{&quot;unit&quot;:&quot;px&quot;,&quot;size&quot;:1,&quot;sizes&quot;:[]},&quot;_transform_scale_effect_tablet&quot;:{&quot;unit&quot;:&quot;px&quot;,&quot;size&quot;:&quot;&quot;,&quot;sizes&quot;:[]},&quot;_transform_scale_effect_mobile&quot;:{&quot;unit&quot;:&quot;px&quot;,&quot;size&quot;:&quot;&quot;,&quot;sizes&quot;:[]}}\" data-widget_type=\"image.default\">\n\t\t\t\t<div class=\"elementor-widget-container\">\n\t\t\t\t\t\t\t\t\t\t\t\t\t\t\t<img decoding=\"async\" src=\"http:\/\/helyoarchitectes.com\/wp-content\/uploads\/2023\/01\/St_irenee_HallRue_c7_1280px.jpg\" title=\"St_irenee_HallRue_c7_1280px\" alt=\"St_irenee_HallRue_c7_1280px\" loading=\"lazy\" \/>\t\t\t\t\t\t\t\t\t\t\t\t\t\t\t<\/div>\n\t\t\t\t<\/div>\n\t\t\t\t\t<\/div>\n\t\t<\/div>\n\t\t\t\t\t<\/div>\n\t\t<\/section>\n\t\t\t\t<\/div>\n\t\t","protected":false},"excerpt":{"rendered":"<p>HELYO ARCHITECTES avec plus de 20 ans d\u2019exp\u00e9rience vous accompagne dans la r\u00e9alisation de vos projets d\u2019architecture, d\u2019architecture d\u2019int\u00e9rieur et d\u2019urbanisme. Sp\u00e9cialis\u00e9e dans le d\u00e9veloppement durable, l\u2019agence r\u00e9alise des projets mixtes (r\u00e9sidentiels, tertiaires, industriels, &nbsp;r\u00e9habilitations, extensions, priv\u00e9s, publics) avec une volont\u00e9 constante de proposer des projets ambitieux, int\u00e9gr\u00e9s en privil\u00e9giant la qualit\u00e9 de vie de [&hellip;]<\/p>\n","protected":false},"author":1,"featured_media":0,"parent":0,"menu_order":0,"comment_status":"closed","ping_status":"closed","template":"","meta":{"ocean_post_layout":"","ocean_both_sidebars_style":"","ocean_both_sidebars_content_width":0,"ocean_both_sidebars_sidebars_width":0,"ocean_sidebar":"","ocean_second_sidebar":"","ocean_disable_margins":"enable","ocean_add_body_class":"","ocean_shortcode_before_top_bar":"","ocean_shortcode_after_top_bar":"","ocean_shortcode_before_header":"","ocean_shortcode_after_header":"","ocean_has_shortcode":"","ocean_shortcode_after_title":"","ocean_shortcode_before_footer_widgets":"","ocean_shortcode_after_footer_widgets":"","ocean_shortcode_before_footer_bottom":"","ocean_shortcode_after_footer_bottom":"","ocean_display_top_bar":"default","ocean_display_header":"default","ocean_header_style":"","ocean_center_header_left_menu":"","ocean_custom_header_template":"","ocean_custom_logo":0,"ocean_custom_retina_logo":0,"ocean_custom_logo_max_width":0,"ocean_custom_logo_tablet_max_width":0,"ocean_custom_logo_mobile_max_width":0,"ocean_custom_logo_max_height":0,"ocean_custom_logo_tablet_max_height":0,"ocean_custom_logo_mobile_max_height":0,"ocean_header_custom_menu":"","ocean_menu_typo_font_family":"","ocean_menu_typo_font_subset":"","ocean_menu_typo_font_size":0,"ocean_menu_typo_font_size_tablet":0,"ocean_menu_typo_font_size_mobile":0,"ocean_menu_typo_font_size_unit":"px","ocean_menu_typo_font_weight":"","ocean_menu_typo_font_weight_tablet":"","ocean_menu_typo_font_weight_mobile":"","ocean_menu_typo_transform":"","ocean_menu_typo_transform_tablet":"","ocean_menu_typo_transform_mobile":"","ocean_menu_typo_line_height":0,"ocean_menu_typo_line_height_tablet":0,"ocean_menu_typo_line_height_mobile":0,"ocean_menu_typo_line_height_unit":"","ocean_menu_typo_spacing":0,"ocean_menu_typo_spacing_tablet":0,"ocean_menu_typo_spacing_mobile":0,"ocean_menu_typo_spacing_unit":"","ocean_menu_link_color":"","ocean_menu_link_color_hover":"","ocean_menu_link_color_active":"","ocean_menu_link_background":"","ocean_menu_link_hover_background":"","ocean_menu_link_active_background":"","ocean_menu_social_links_bg":"","ocean_menu_social_hover_links_bg":"","ocean_menu_social_links_color":"","ocean_menu_social_hover_links_color":"","ocean_disable_title":"default","ocean_disable_heading":"default","ocean_post_title":"","ocean_post_subheading":"","ocean_post_title_style":"","ocean_post_title_background_color":"","ocean_post_title_background":0,"ocean_post_title_bg_image_position":"","ocean_post_title_bg_image_attachment":"","ocean_post_title_bg_image_repeat":"","ocean_post_title_bg_image_size":"","ocean_post_title_height":0,"ocean_post_title_bg_overlay":0.5,"ocean_post_title_bg_overlay_color":"","ocean_disable_breadcrumbs":"default","ocean_breadcrumbs_color":"","ocean_breadcrumbs_separator_color":"","ocean_breadcrumbs_links_color":"","ocean_breadcrumbs_links_hover_color":"","ocean_display_footer_widgets":"default","ocean_display_footer_bottom":"default","ocean_custom_footer_template":"","footnotes":""},"class_list":["post-5","page","type-page","status-publish","hentry","entry"],"yoast_head":"<!-- This site is optimized with the Yoast SEO plugin v22.3 - https:\/\/yoast.com\/wordpress\/plugins\/seo\/ -->\n<title>helyo architectes<\/title>\n<meta name=\"description\" content=\"agence d&#039;architecture \u00e0 lyon cr\u00e9\u00e9e par Elody HURTER en 2023. R\u00e9alisation de projets r\u00e9sidentiels, innovants et durables.\" \/>\n<meta name=\"robots\" content=\"index, follow, max-snippet:-1, max-image-preview:large, max-video-preview:-1\" \/>\n<link rel=\"canonical\" href=\"http:\/\/helyoarchitectes.com\/\" \/>\n<meta property=\"og:locale\" content=\"fr_FR\" \/>\n<meta property=\"og:type\" content=\"article\" \/>\n<meta property=\"og:title\" content=\"helyo architectes\" \/>\n<meta property=\"og:description\" content=\"agence d&#039;architecture \u00e0 lyon cr\u00e9\u00e9e par Elody HURTER en 2023. R\u00e9alisation de projets r\u00e9sidentiels, innovants et durables.\" \/>\n<meta property=\"og:url\" content=\"http:\/\/helyoarchitectes.com\/\" \/>\n<meta property=\"og:site_name\" content=\"Helyo architectes\" \/>\n<meta property=\"article:modified_time\" content=\"2024-03-28T12:58:34+00:00\" \/>\n<meta property=\"og:image\" content=\"http:\/\/helyoarchitectes.com\/wp-content\/uploads\/2023\/01\/St_irenee_HallRue_c7_1280px.jpg\" \/>\n<meta name=\"twitter:card\" content=\"summary_large_image\" \/>\n<meta name=\"twitter:label1\" content=\"Dur\u00e9e de lecture estim\u00e9e\" \/>\n\t<meta name=\"twitter:data1\" content=\"1 minute\" \/>\n<script type=\"application\/ld+json\" class=\"yoast-schema-graph\">{\"@context\":\"https:\/\/schema.org\",\"@graph\":[{\"@type\":\"WebPage\",\"@id\":\"http:\/\/helyoarchitectes.com\/\",\"url\":\"http:\/\/helyoarchitectes.com\/\",\"name\":\"helyo architectes\",\"isPartOf\":{\"@id\":\"http:\/\/helyoarchitectes.com\/#website\"},\"primaryImageOfPage\":{\"@id\":\"http:\/\/helyoarchitectes.com\/#primaryimage\"},\"image\":{\"@id\":\"http:\/\/helyoarchitectes.com\/#primaryimage\"},\"thumbnailUrl\":\"http:\/\/helyoarchitectes.com\/wp-content\/uploads\/2023\/01\/St_irenee_HallRue_c7_1280px.jpg\",\"datePublished\":\"2023-01-10T10:47:01+00:00\",\"dateModified\":\"2024-03-28T12:58:34+00:00\",\"description\":\"agence d'architecture \u00e0 lyon cr\u00e9\u00e9e par Elody HURTER en 2023. R\u00e9alisation de projets r\u00e9sidentiels, innovants et durables.\",\"breadcrumb\":{\"@id\":\"http:\/\/helyoarchitectes.com\/#breadcrumb\"},\"inLanguage\":\"fr-FR\",\"potentialAction\":[{\"@type\":\"ReadAction\",\"target\":[\"http:\/\/helyoarchitectes.com\/\"]}]},{\"@type\":\"ImageObject\",\"inLanguage\":\"fr-FR\",\"@id\":\"http:\/\/helyoarchitectes.com\/#primaryimage\",\"url\":\"https:\/\/helyoarchitectes.com\/wp-content\/uploads\/2023\/01\/St_irenee_HallRue_c7_1280px.jpg\",\"contentUrl\":\"https:\/\/helyoarchitectes.com\/wp-content\/uploads\/2023\/01\/St_irenee_HallRue_c7_1280px.jpg\",\"width\":1280,\"height\":1102},{\"@type\":\"BreadcrumbList\",\"@id\":\"http:\/\/helyoarchitectes.com\/#breadcrumb\",\"itemListElement\":[{\"@type\":\"ListItem\",\"position\":1,\"name\":\"Accueil\",\"item\":\"http:\/\/helyoarchitectes.com\/\"},{\"@type\":\"ListItem\",\"position\":2,\"name\":\"ACCUEIL\"}]},{\"@type\":\"WebSite\",\"@id\":\"http:\/\/helyoarchitectes.com\/#website\",\"url\":\"http:\/\/helyoarchitectes.com\/\",\"name\":\"helyoarchitectes.com\",\"description\":\"Un site utilisant WordPress\",\"publisher\":{\"@id\":\"http:\/\/helyoarchitectes.com\/#organization\"},\"alternateName\":\"helyoarchitectes.com\",\"potentialAction\":[{\"@type\":\"SearchAction\",\"target\":{\"@type\":\"EntryPoint\",\"urlTemplate\":\"http:\/\/helyoarchitectes.com\/?s={search_term_string}\"},\"query-input\":\"required name=search_term_string\"}],\"inLanguage\":\"fr-FR\"},{\"@type\":\"Organization\",\"@id\":\"http:\/\/helyoarchitectes.com\/#organization\",\"name\":\"helyo architectes\",\"alternateName\":\"helyo\",\"url\":\"http:\/\/helyoarchitectes.com\/\",\"logo\":{\"@type\":\"ImageObject\",\"inLanguage\":\"fr-FR\",\"@id\":\"http:\/\/helyoarchitectes.com\/#\/schema\/logo\/image\/\",\"url\":\"https:\/\/helyoarchitectes.com\/wp-content\/uploads\/2023\/01\/cropped-helyo_architectes_final.jpg\",\"contentUrl\":\"https:\/\/helyoarchitectes.com\/wp-content\/uploads\/2023\/01\/cropped-helyo_architectes_final.jpg\",\"width\":478,\"height\":276,\"caption\":\"helyo architectes\"},\"image\":{\"@id\":\"http:\/\/helyoarchitectes.com\/#\/schema\/logo\/image\/\"}}]}<\/script>\n<!-- \/ Yoast SEO plugin. -->","yoast_head_json":{"title":"helyo architectes","description":"agence d'architecture \u00e0 lyon cr\u00e9\u00e9e par Elody HURTER en 2023. R\u00e9alisation de projets r\u00e9sidentiels, innovants et durables.","robots":{"index":"index","follow":"follow","max-snippet":"max-snippet:-1","max-image-preview":"max-image-preview:large","max-video-preview":"max-video-preview:-1"},"canonical":"http:\/\/helyoarchitectes.com\/","og_locale":"fr_FR","og_type":"article","og_title":"helyo architectes","og_description":"agence d'architecture \u00e0 lyon cr\u00e9\u00e9e par Elody HURTER en 2023. R\u00e9alisation de projets r\u00e9sidentiels, innovants et durables.","og_url":"http:\/\/helyoarchitectes.com\/","og_site_name":"Helyo architectes","article_modified_time":"2024-03-28T12:58:34+00:00","og_image":[{"url":"http:\/\/helyoarchitectes.com\/wp-content\/uploads\/2023\/01\/St_irenee_HallRue_c7_1280px.jpg"}],"twitter_card":"summary_large_image","twitter_misc":{"Dur\u00e9e de lecture estim\u00e9e":"1 minute"},"schema":{"@context":"https:\/\/schema.org","@graph":[{"@type":"WebPage","@id":"http:\/\/helyoarchitectes.com\/","url":"http:\/\/helyoarchitectes.com\/","name":"helyo architectes","isPartOf":{"@id":"http:\/\/helyoarchitectes.com\/#website"},"primaryImageOfPage":{"@id":"http:\/\/helyoarchitectes.com\/#primaryimage"},"image":{"@id":"http:\/\/helyoarchitectes.com\/#primaryimage"},"thumbnailUrl":"http:\/\/helyoarchitectes.com\/wp-content\/uploads\/2023\/01\/St_irenee_HallRue_c7_1280px.jpg","datePublished":"2023-01-10T10:47:01+00:00","dateModified":"2024-03-28T12:58:34+00:00","description":"agence d'architecture \u00e0 lyon cr\u00e9\u00e9e par Elody HURTER en 2023. R\u00e9alisation de projets r\u00e9sidentiels, innovants et durables.","breadcrumb":{"@id":"http:\/\/helyoarchitectes.com\/#breadcrumb"},"inLanguage":"fr-FR","potentialAction":[{"@type":"ReadAction","target":["http:\/\/helyoarchitectes.com\/"]}]},{"@type":"ImageObject","inLanguage":"fr-FR","@id":"http:\/\/helyoarchitectes.com\/#primaryimage","url":"https:\/\/helyoarchitectes.com\/wp-content\/uploads\/2023\/01\/St_irenee_HallRue_c7_1280px.jpg","contentUrl":"https:\/\/helyoarchitectes.com\/wp-content\/uploads\/2023\/01\/St_irenee_HallRue_c7_1280px.jpg","width":1280,"height":1102},{"@type":"BreadcrumbList","@id":"http:\/\/helyoarchitectes.com\/#breadcrumb","itemListElement":[{"@type":"ListItem","position":1,"name":"Accueil","item":"http:\/\/helyoarchitectes.com\/"},{"@type":"ListItem","position":2,"name":"ACCUEIL"}]},{"@type":"WebSite","@id":"http:\/\/helyoarchitectes.com\/#website","url":"http:\/\/helyoarchitectes.com\/","name":"helyoarchitectes.com","description":"Un site utilisant WordPress","publisher":{"@id":"http:\/\/helyoarchitectes.com\/#organization"},"alternateName":"helyoarchitectes.com","potentialAction":[{"@type":"SearchAction","target":{"@type":"EntryPoint","urlTemplate":"http:\/\/helyoarchitectes.com\/?s={search_term_string}"},"query-input":"required name=search_term_string"}],"inLanguage":"fr-FR"},{"@type":"Organization","@id":"http:\/\/helyoarchitectes.com\/#organization","name":"helyo architectes","alternateName":"helyo","url":"http:\/\/helyoarchitectes.com\/","logo":{"@type":"ImageObject","inLanguage":"fr-FR","@id":"http:\/\/helyoarchitectes.com\/#\/schema\/logo\/image\/","url":"https:\/\/helyoarchitectes.com\/wp-content\/uploads\/2023\/01\/cropped-helyo_architectes_final.jpg","contentUrl":"https:\/\/helyoarchitectes.com\/wp-content\/uploads\/2023\/01\/cropped-helyo_architectes_final.jpg","width":478,"height":276,"caption":"helyo architectes"},"image":{"@id":"http:\/\/helyoarchitectes.com\/#\/schema\/logo\/image\/"}}]}},"_links":{"self":[{"href":"https:\/\/helyoarchitectes.com\/index.php?rest_route=\/wp\/v2\/pages\/5","targetHints":{"allow":["GET"]}}],"collection":[{"href":"https:\/\/helyoarchitectes.com\/index.php?rest_route=\/wp\/v2\/pages"}],"about":[{"href":"https:\/\/helyoarchitectes.com\/index.php?rest_route=\/wp\/v2\/types\/page"}],"author":[{"embeddable":true,"href":"https:\/\/helyoarchitectes.com\/index.php?rest_route=\/wp\/v2\/users\/1"}],"replies":[{"embeddable":true,"href":"https:\/\/helyoarchitectes.com\/index.php?rest_route=%2Fwp%2Fv2%2Fcomments&post=5"}],"version-history":[{"count":38,"href":"https:\/\/helyoarchitectes.com\/index.php?rest_route=\/wp\/v2\/pages\/5\/revisions"}],"predecessor-version":[{"id":517,"href":"https:\/\/helyoarchitectes.com\/index.php?rest_route=\/wp\/v2\/pages\/5\/revisions\/517"}],"wp:attachment":[{"href":"https:\/\/helyoarchitectes.com\/index.php?rest_route=%2Fwp%2Fv2%2Fmedia&parent=5"}],"curies":[{"name":"wp","href":"https:\/\/api.w.org\/{rel}","templated":true}]}}