{"id":46,"date":"2023-01-11T10:21:48","date_gmt":"2023-01-11T09:21:48","guid":{"rendered":"http:\/\/helyoarchitectes.com\/?page_id=46"},"modified":"2023-01-16T11:44:47","modified_gmt":"2023-01-16T10:44:47","slug":"le-bon-lait","status":"publish","type":"page","link":"https:\/\/helyoarchitectes.com\/?page_id=46","title":{"rendered":"LE BON LAIT"},"content":{"rendered":"\t\t<div data-elementor-type=\"wp-page\" data-elementor-id=\"46\" class=\"elementor elementor-46\">\n\t\t\t\t\t\t<section class=\"elementor-section elementor-top-section elementor-element elementor-element-e425d39 elementor-section-full_width elementor-section-height-default elementor-section-height-default\" data-id=\"e425d39\" data-element_type=\"section\" data-e-type=\"section\">\n\t\t\t\t\t\t<div class=\"elementor-container elementor-column-gap-default\">\n\t\t\t\t\t<div class=\"elementor-column elementor-col-100 elementor-top-column elementor-element elementor-element-82be323\" data-id=\"82be323\" data-element_type=\"column\" data-e-type=\"column\">\n\t\t\t<div class=\"elementor-widget-wrap elementor-element-populated\">\n\t\t\t\t\t\t<div class=\"elementor-element elementor-element-81985d8 elementor-widget elementor-widget-heading\" data-id=\"81985d8\" data-element_type=\"widget\" data-e-type=\"widget\" data-widget_type=\"heading.default\">\n\t\t\t\t<div class=\"elementor-widget-container\">\n\t\t\t\t\t<h2 class=\"elementor-heading-title elementor-size-default\">LE BON LAIT (ILOT A4E)  LYON (69)<\/h2>\t\t\t\t<\/div>\n\t\t\t\t<\/div>\n\t\t\t\t\t<\/div>\n\t\t<\/div>\n\t\t\t\t\t<\/div>\n\t\t<\/section>\n\t\t\t\t<section class=\"elementor-section elementor-top-section elementor-element elementor-element-5cb694b elementor-section-full_width elementor-section-height-default elementor-section-height-default\" data-id=\"5cb694b\" data-element_type=\"section\" data-e-type=\"section\">\n\t\t\t\t\t\t<div class=\"elementor-container elementor-column-gap-default\">\n\t\t\t\t\t<div class=\"elementor-column elementor-col-33 elementor-top-column elementor-element elementor-element-996255c\" data-id=\"996255c\" data-element_type=\"column\" data-e-type=\"column\">\n\t\t\t<div class=\"elementor-widget-wrap elementor-element-populated\">\n\t\t\t\t\t\t<div class=\"elementor-element elementor-element-ec7c546 elementor-widget elementor-widget-text-editor\" data-id=\"ec7c546\" data-element_type=\"widget\" data-e-type=\"widget\" data-widget_type=\"text-editor.default\">\n\t\t\t\t<div class=\"elementor-widget-container\">\n\t\t\t\t\t\t\t\t\t<p><strong>PROGRAMME : Logements (57)<\/strong><\/p><p><strong>MOA : 3F IMMOBILIERE RHONE ALPES<\/strong><\/p><p><strong>CALENDRIER : livraison 2012 (r\u00e9alis\u00e9 chez SUD)<\/strong><\/p><p><strong>MONTANT : 5,4 M\u20ac HT<\/strong><\/p><p><strong>SURFACES : 3 823 m\u00b2<\/strong><\/p><p><strong>ENVIRONNEMENT : BBC<\/strong><\/p><p><br \/>Le quartier de la ZAC du Bon Lait favorise la mixit\u00e9 (activit\u00e9s, commerces, services, \u00e9quipements, logements).<\/p><p>Sa proximit\u00e9 avec le m\u00e9tro (Jean-Jaur\u00e8s) et la proximit\u00e9 des Quais du Rh\u00f4ne am\u00e9nag\u00e9s en fait un site privil\u00e9gi\u00e9. Le concept d\u2019ilot ouvert est favoris\u00e9 autant par des perc\u00e9es visuelles que par l\u2019importance donn\u00e9e aux modes doux pour la circulation dans le quartier.<\/p><p>Le projet porte sur le lot A4E, sur une parcelle de 1800 m\u00b2. Le programme se compose d\u2019un ensemble de 57 logements (4 660 m\u00b2 de SHON PC) pour 3F immobili\u00e8re Rh\u00f4ne-Alpes, soci\u00e9t\u00e9 anonyme d\u2019HLM.<\/p><p>Un parc de stationnement de 57 places en 2 niveaux de sous-sol assure la totalit\u00e9 du stationnement r\u00e9glementaire.<\/p><p>Nous respectons pour imaginer ce projet autant le Plan Local d\u2019Urbanisme (Zone URMA) que les prescriptions donn\u00e9es par l\u2019am\u00e9nageur de la ZAC qui assurent une coh\u00e9rence urbanistique du quartier.<\/p>\t\t\t\t\t\t\t\t<\/div>\n\t\t\t\t<\/div>\n\t\t\t\t\t<\/div>\n\t\t<\/div>\n\t\t\t\t<div class=\"elementor-column elementor-col-33 elementor-top-column elementor-element elementor-element-ee0589e\" data-id=\"ee0589e\" data-element_type=\"column\" data-e-type=\"column\">\n\t\t\t<div class=\"elementor-widget-wrap elementor-element-populated\">\n\t\t\t\t\t\t<div class=\"elementor-element elementor-element-4694da3 elementor-widget elementor-widget-image\" data-id=\"4694da3\" data-element_type=\"widget\" data-e-type=\"widget\" data-widget_type=\"image.default\">\n\t\t\t\t<div class=\"elementor-widget-container\">\n\t\t\t\t\t\t\t\t\t\t\t\t\t\t\t<img fetchpriority=\"high\" decoding=\"async\" width=\"1024\" height=\"682\" src=\"https:\/\/helyoarchitectes.com\/wp-content\/uploads\/2023\/01\/Zac_BonLait_c08_v2-2-1024x682.jpg\" class=\"attachment-large size-large wp-image-312\" alt=\"\" srcset=\"https:\/\/helyoarchitectes.com\/wp-content\/uploads\/2023\/01\/Zac_BonLait_c08_v2-2-1024x682.jpg 1024w, https:\/\/helyoarchitectes.com\/wp-content\/uploads\/2023\/01\/Zac_BonLait_c08_v2-2-300x200.jpg 300w, https:\/\/helyoarchitectes.com\/wp-content\/uploads\/2023\/01\/Zac_BonLait_c08_v2-2-768x512.jpg 768w, https:\/\/helyoarchitectes.com\/wp-content\/uploads\/2023\/01\/Zac_BonLait_c08_v2-2-1536x1024.jpg 1536w, https:\/\/helyoarchitectes.com\/wp-content\/uploads\/2023\/01\/Zac_BonLait_c08_v2-2.jpg 1772w\" sizes=\"(max-width: 1024px) 100vw, 1024px\" \/>\t\t\t\t\t\t\t\t\t\t\t\t\t\t\t<\/div>\n\t\t\t\t<\/div>\n\t\t\t\t<div class=\"elementor-element elementor-element-3df1854 elementor-widget elementor-widget-image\" data-id=\"3df1854\" data-element_type=\"widget\" data-e-type=\"widget\" data-widget_type=\"image.default\">\n\t\t\t\t<div class=\"elementor-widget-container\">\n\t\t\t\t\t\t\t\t\t\t\t\t\t\t\t<img decoding=\"async\" width=\"1024\" height=\"674\" src=\"https:\/\/helyoarchitectes.com\/wp-content\/uploads\/2023\/01\/plan-masse200-copie-1024x674.jpg\" class=\"attachment-large size-large wp-image-316\" alt=\"\" srcset=\"https:\/\/helyoarchitectes.com\/wp-content\/uploads\/2023\/01\/plan-masse200-copie-1024x674.jpg 1024w, https:\/\/helyoarchitectes.com\/wp-content\/uploads\/2023\/01\/plan-masse200-copie-300x198.jpg 300w, https:\/\/helyoarchitectes.com\/wp-content\/uploads\/2023\/01\/plan-masse200-copie-768x506.jpg 768w, https:\/\/helyoarchitectes.com\/wp-content\/uploads\/2023\/01\/plan-masse200-copie-1536x1012.jpg 1536w, https:\/\/helyoarchitectes.com\/wp-content\/uploads\/2023\/01\/plan-masse200-copie.jpg 1793w\" sizes=\"(max-width: 1024px) 100vw, 1024px\" \/>\t\t\t\t\t\t\t\t\t\t\t\t\t\t\t<\/div>\n\t\t\t\t<\/div>\n\t\t\t\t\t<\/div>\n\t\t<\/div>\n\t\t\t\t<div class=\"elementor-column elementor-col-33 elementor-top-column elementor-element elementor-element-513d230\" data-id=\"513d230\" data-element_type=\"column\" data-e-type=\"column\">\n\t\t\t<div class=\"elementor-widget-wrap elementor-element-populated\">\n\t\t\t\t\t\t<div class=\"elementor-element elementor-element-a35d194 elementor-widget elementor-widget-image\" data-id=\"a35d194\" data-element_type=\"widget\" data-e-type=\"widget\" data-widget_type=\"image.default\">\n\t\t\t\t<div class=\"elementor-widget-container\">\n\t\t\t\t\t\t\t\t\t\t\t\t\t\t\t<img decoding=\"async\" width=\"1024\" height=\"682\" src=\"https:\/\/helyoarchitectes.com\/wp-content\/uploads\/2023\/01\/MG_4597k-1-1024x682.jpg\" class=\"attachment-large size-large wp-image-310\" alt=\"\" srcset=\"https:\/\/helyoarchitectes.com\/wp-content\/uploads\/2023\/01\/MG_4597k-1-1024x682.jpg 1024w, https:\/\/helyoarchitectes.com\/wp-content\/uploads\/2023\/01\/MG_4597k-1-300x200.jpg 300w, https:\/\/helyoarchitectes.com\/wp-content\/uploads\/2023\/01\/MG_4597k-1-768x512.jpg 768w, https:\/\/helyoarchitectes.com\/wp-content\/uploads\/2023\/01\/MG_4597k-1-1536x1024.jpg 1536w, https:\/\/helyoarchitectes.com\/wp-content\/uploads\/2023\/01\/MG_4597k-1.jpg 1772w\" sizes=\"(max-width: 1024px) 100vw, 1024px\" \/>\t\t\t\t\t\t\t\t\t\t\t\t\t\t\t<\/div>\n\t\t\t\t<\/div>\n\t\t\t\t<div class=\"elementor-element elementor-element-ba0d54b elementor-widget elementor-widget-image\" data-id=\"ba0d54b\" data-element_type=\"widget\" data-e-type=\"widget\" data-widget_type=\"image.default\">\n\t\t\t\t<div class=\"elementor-widget-container\">\n\t\t\t\t\t\t\t\t\t\t\t\t\t\t\t<img loading=\"lazy\" decoding=\"async\" width=\"1024\" height=\"681\" src=\"https:\/\/helyoarchitectes.com\/wp-content\/uploads\/2023\/01\/ILOT-A4E037_petite-1-1024x681.jpg\" class=\"attachment-large size-large wp-image-213\" alt=\"\" srcset=\"https:\/\/helyoarchitectes.com\/wp-content\/uploads\/2023\/01\/ILOT-A4E037_petite-1-1024x681.jpg 1024w, https:\/\/helyoarchitectes.com\/wp-content\/uploads\/2023\/01\/ILOT-A4E037_petite-1-300x200.jpg 300w, https:\/\/helyoarchitectes.com\/wp-content\/uploads\/2023\/01\/ILOT-A4E037_petite-1-768x511.jpg 768w, https:\/\/helyoarchitectes.com\/wp-content\/uploads\/2023\/01\/ILOT-A4E037_petite-1-1536x1022.jpg 1536w, https:\/\/helyoarchitectes.com\/wp-content\/uploads\/2023\/01\/ILOT-A4E037_petite-1.jpg 1772w\" sizes=\"(max-width: 1024px) 100vw, 1024px\" \/>\t\t\t\t\t\t\t\t\t\t\t\t\t\t\t<\/div>\n\t\t\t\t<\/div>\n\t\t\t\t\t<\/div>\n\t\t<\/div>\n\t\t\t\t\t<\/div>\n\t\t<\/section>\n\t\t\t\t<\/div>\n\t\t","protected":false},"excerpt":{"rendered":"<p>LE BON LAIT (ILOT A4E) LYON (69) PROGRAMME : Logements (57) MOA : 3F IMMOBILIERE RHONE ALPES CALENDRIER : livraison 2012 (r\u00e9alis\u00e9 chez SUD) MONTANT : 5,4 M\u20ac HT SURFACES : 3 823 m\u00b2 ENVIRONNEMENT : BBC Le quartier de la ZAC du Bon Lait favorise la mixit\u00e9 (activit\u00e9s, commerces, services, \u00e9quipements, logements). Sa proximit\u00e9 [&hellip;]<\/p>\n","protected":false},"author":1,"featured_media":0,"parent":0,"menu_order":0,"comment_status":"closed","ping_status":"closed","template":"","meta":{"ocean_post_layout":"","ocean_both_sidebars_style":"","ocean_both_sidebars_content_width":0,"ocean_both_sidebars_sidebars_width":0,"ocean_sidebar":"","ocean_second_sidebar":"","ocean_disable_margins":"enable","ocean_add_body_class":"","ocean_shortcode_before_top_bar":"","ocean_shortcode_after_top_bar":"","ocean_shortcode_before_header":"","ocean_shortcode_after_header":"","ocean_has_shortcode":"","ocean_shortcode_after_title":"","ocean_shortcode_before_footer_widgets":"","ocean_shortcode_after_footer_widgets":"","ocean_shortcode_before_footer_bottom":"","ocean_shortcode_after_footer_bottom":"","ocean_display_top_bar":"default","ocean_display_header":"default","ocean_header_style":"","ocean_center_header_left_menu":"","ocean_custom_header_template":"","ocean_custom_logo":0,"ocean_custom_retina_logo":0,"ocean_custom_logo_max_width":0,"ocean_custom_logo_tablet_max_width":0,"ocean_custom_logo_mobile_max_width":0,"ocean_custom_logo_max_height":0,"ocean_custom_logo_tablet_max_height":0,"ocean_custom_logo_mobile_max_height":0,"ocean_header_custom_menu":"","ocean_menu_typo_font_family":"","ocean_menu_typo_font_subset":"","ocean_menu_typo_font_size":0,"ocean_menu_typo_font_size_tablet":0,"ocean_menu_typo_font_size_mobile":0,"ocean_menu_typo_font_size_unit":"px","ocean_menu_typo_font_weight":"","ocean_menu_typo_font_weight_tablet":"","ocean_menu_typo_font_weight_mobile":"","ocean_menu_typo_transform":"","ocean_menu_typo_transform_tablet":"","ocean_menu_typo_transform_mobile":"","ocean_menu_typo_line_height":0,"ocean_menu_typo_line_height_tablet":0,"ocean_menu_typo_line_height_mobile":0,"ocean_menu_typo_line_height_unit":"","ocean_menu_typo_spacing":0,"ocean_menu_typo_spacing_tablet":0,"ocean_menu_typo_spacing_mobile":0,"ocean_menu_typo_spacing_unit":"","ocean_menu_link_color":"","ocean_menu_link_color_hover":"","ocean_menu_link_color_active":"","ocean_menu_link_background":"","ocean_menu_link_hover_background":"","ocean_menu_link_active_background":"","ocean_menu_social_links_bg":"","ocean_menu_social_hover_links_bg":"","ocean_menu_social_links_color":"","ocean_menu_social_hover_links_color":"","ocean_disable_title":"default","ocean_disable_heading":"default","ocean_post_title":"","ocean_post_subheading":"","ocean_post_title_style":"","ocean_post_title_background_color":"","ocean_post_title_background":0,"ocean_post_title_bg_image_position":"","ocean_post_title_bg_image_attachment":"","ocean_post_title_bg_image_repeat":"","ocean_post_title_bg_image_size":"","ocean_post_title_height":0,"ocean_post_title_bg_overlay":0.5,"ocean_post_title_bg_overlay_color":"","ocean_disable_breadcrumbs":"default","ocean_breadcrumbs_color":"","ocean_breadcrumbs_separator_color":"","ocean_breadcrumbs_links_color":"","ocean_breadcrumbs_links_hover_color":"","ocean_display_footer_widgets":"default","ocean_display_footer_bottom":"default","ocean_custom_footer_template":"","footnotes":""},"class_list":["post-46","page","type-page","status-publish","hentry","entry"],"yoast_head":"<!-- This site is optimized with the Yoast SEO plugin v22.3 - https:\/\/yoast.com\/wordpress\/plugins\/seo\/ -->\n<title>Helyo architectes<\/title>\n<meta name=\"description\" content=\"agence d&#039;architecture \u00e0 Lyon\" \/>\n<meta name=\"robots\" content=\"index, follow, max-snippet:-1, max-image-preview:large, max-video-preview:-1\" \/>\n<link rel=\"canonical\" href=\"https:\/\/helyoarchitectes.com\/?page_id=46\" \/>\n<meta property=\"og:locale\" content=\"fr_FR\" \/>\n<meta property=\"og:type\" content=\"article\" \/>\n<meta property=\"og:title\" content=\"Helyo architectes\" \/>\n<meta property=\"og:description\" content=\"agence d&#039;architecture \u00e0 Lyon\" \/>\n<meta property=\"og:url\" content=\"https:\/\/helyoarchitectes.com\/?page_id=46\" \/>\n<meta property=\"og:site_name\" content=\"Helyo architectes\" \/>\n<meta property=\"article:modified_time\" content=\"2023-01-16T10:44:47+00:00\" \/>\n<meta property=\"og:image\" content=\"http:\/\/helyoarchitectes.com\/wp-content\/uploads\/2023\/01\/Zac_BonLait_c08_v2-2-1024x682.jpg\" \/>\n<meta name=\"twitter:card\" content=\"summary_large_image\" \/>\n<meta name=\"twitter:label1\" content=\"Dur\u00e9e de lecture estim\u00e9e\" \/>\n\t<meta name=\"twitter:data1\" content=\"2 minutes\" \/>\n<script type=\"application\/ld+json\" class=\"yoast-schema-graph\">{\"@context\":\"https:\/\/schema.org\",\"@graph\":[{\"@type\":\"WebPage\",\"@id\":\"https:\/\/helyoarchitectes.com\/?page_id=46\",\"url\":\"https:\/\/helyoarchitectes.com\/?page_id=46\",\"name\":\"Helyo architectes\",\"isPartOf\":{\"@id\":\"http:\/\/helyoarchitectes.com\/#website\"},\"primaryImageOfPage\":{\"@id\":\"https:\/\/helyoarchitectes.com\/?page_id=46#primaryimage\"},\"image\":{\"@id\":\"https:\/\/helyoarchitectes.com\/?page_id=46#primaryimage\"},\"thumbnailUrl\":\"http:\/\/helyoarchitectes.com\/wp-content\/uploads\/2023\/01\/Zac_BonLait_c08_v2-2-1024x682.jpg\",\"datePublished\":\"2023-01-11T09:21:48+00:00\",\"dateModified\":\"2023-01-16T10:44:47+00:00\",\"description\":\"agence d'architecture \u00e0 Lyon\",\"breadcrumb\":{\"@id\":\"https:\/\/helyoarchitectes.com\/?page_id=46#breadcrumb\"},\"inLanguage\":\"fr-FR\",\"potentialAction\":[{\"@type\":\"ReadAction\",\"target\":[\"https:\/\/helyoarchitectes.com\/?page_id=46\"]}]},{\"@type\":\"ImageObject\",\"inLanguage\":\"fr-FR\",\"@id\":\"https:\/\/helyoarchitectes.com\/?page_id=46#primaryimage\",\"url\":\"https:\/\/helyoarchitectes.com\/wp-content\/uploads\/2023\/01\/Zac_BonLait_c08_v2-2.jpg\",\"contentUrl\":\"https:\/\/helyoarchitectes.com\/wp-content\/uploads\/2023\/01\/Zac_BonLait_c08_v2-2.jpg\",\"width\":1772,\"height\":1181},{\"@type\":\"BreadcrumbList\",\"@id\":\"https:\/\/helyoarchitectes.com\/?page_id=46#breadcrumb\",\"itemListElement\":[{\"@type\":\"ListItem\",\"position\":1,\"name\":\"Accueil\",\"item\":\"http:\/\/helyoarchitectes.com\/\"},{\"@type\":\"ListItem\",\"position\":2,\"name\":\"LE BON LAIT\"}]},{\"@type\":\"WebSite\",\"@id\":\"http:\/\/helyoarchitectes.com\/#website\",\"url\":\"http:\/\/helyoarchitectes.com\/\",\"name\":\"helyoarchitectes.com\",\"description\":\"Un site utilisant WordPress\",\"publisher\":{\"@id\":\"http:\/\/helyoarchitectes.com\/#organization\"},\"alternateName\":\"helyoarchitectes.com\",\"potentialAction\":[{\"@type\":\"SearchAction\",\"target\":{\"@type\":\"EntryPoint\",\"urlTemplate\":\"http:\/\/helyoarchitectes.com\/?s={search_term_string}\"},\"query-input\":\"required name=search_term_string\"}],\"inLanguage\":\"fr-FR\"},{\"@type\":\"Organization\",\"@id\":\"http:\/\/helyoarchitectes.com\/#organization\",\"name\":\"helyo architectes\",\"alternateName\":\"helyo\",\"url\":\"http:\/\/helyoarchitectes.com\/\",\"logo\":{\"@type\":\"ImageObject\",\"inLanguage\":\"fr-FR\",\"@id\":\"http:\/\/helyoarchitectes.com\/#\/schema\/logo\/image\/\",\"url\":\"https:\/\/helyoarchitectes.com\/wp-content\/uploads\/2023\/01\/cropped-helyo_architectes_final.jpg\",\"contentUrl\":\"https:\/\/helyoarchitectes.com\/wp-content\/uploads\/2023\/01\/cropped-helyo_architectes_final.jpg\",\"width\":478,\"height\":276,\"caption\":\"helyo architectes\"},\"image\":{\"@id\":\"http:\/\/helyoarchitectes.com\/#\/schema\/logo\/image\/\"}}]}<\/script>\n<!-- \/ Yoast SEO plugin. -->","yoast_head_json":{"title":"Helyo architectes","description":"agence d'architecture \u00e0 Lyon","robots":{"index":"index","follow":"follow","max-snippet":"max-snippet:-1","max-image-preview":"max-image-preview:large","max-video-preview":"max-video-preview:-1"},"canonical":"https:\/\/helyoarchitectes.com\/?page_id=46","og_locale":"fr_FR","og_type":"article","og_title":"Helyo architectes","og_description":"agence d'architecture \u00e0 Lyon","og_url":"https:\/\/helyoarchitectes.com\/?page_id=46","og_site_name":"Helyo architectes","article_modified_time":"2023-01-16T10:44:47+00:00","og_image":[{"url":"http:\/\/helyoarchitectes.com\/wp-content\/uploads\/2023\/01\/Zac_BonLait_c08_v2-2-1024x682.jpg"}],"twitter_card":"summary_large_image","twitter_misc":{"Dur\u00e9e de lecture estim\u00e9e":"2 minutes"},"schema":{"@context":"https:\/\/schema.org","@graph":[{"@type":"WebPage","@id":"https:\/\/helyoarchitectes.com\/?page_id=46","url":"https:\/\/helyoarchitectes.com\/?page_id=46","name":"Helyo architectes","isPartOf":{"@id":"http:\/\/helyoarchitectes.com\/#website"},"primaryImageOfPage":{"@id":"https:\/\/helyoarchitectes.com\/?page_id=46#primaryimage"},"image":{"@id":"https:\/\/helyoarchitectes.com\/?page_id=46#primaryimage"},"thumbnailUrl":"http:\/\/helyoarchitectes.com\/wp-content\/uploads\/2023\/01\/Zac_BonLait_c08_v2-2-1024x682.jpg","datePublished":"2023-01-11T09:21:48+00:00","dateModified":"2023-01-16T10:44:47+00:00","description":"agence d'architecture \u00e0 Lyon","breadcrumb":{"@id":"https:\/\/helyoarchitectes.com\/?page_id=46#breadcrumb"},"inLanguage":"fr-FR","potentialAction":[{"@type":"ReadAction","target":["https:\/\/helyoarchitectes.com\/?page_id=46"]}]},{"@type":"ImageObject","inLanguage":"fr-FR","@id":"https:\/\/helyoarchitectes.com\/?page_id=46#primaryimage","url":"https:\/\/helyoarchitectes.com\/wp-content\/uploads\/2023\/01\/Zac_BonLait_c08_v2-2.jpg","contentUrl":"https:\/\/helyoarchitectes.com\/wp-content\/uploads\/2023\/01\/Zac_BonLait_c08_v2-2.jpg","width":1772,"height":1181},{"@type":"BreadcrumbList","@id":"https:\/\/helyoarchitectes.com\/?page_id=46#breadcrumb","itemListElement":[{"@type":"ListItem","position":1,"name":"Accueil","item":"http:\/\/helyoarchitectes.com\/"},{"@type":"ListItem","position":2,"name":"LE BON LAIT"}]},{"@type":"WebSite","@id":"http:\/\/helyoarchitectes.com\/#website","url":"http:\/\/helyoarchitectes.com\/","name":"helyoarchitectes.com","description":"Un site utilisant WordPress","publisher":{"@id":"http:\/\/helyoarchitectes.com\/#organization"},"alternateName":"helyoarchitectes.com","potentialAction":[{"@type":"SearchAction","target":{"@type":"EntryPoint","urlTemplate":"http:\/\/helyoarchitectes.com\/?s={search_term_string}"},"query-input":"required name=search_term_string"}],"inLanguage":"fr-FR"},{"@type":"Organization","@id":"http:\/\/helyoarchitectes.com\/#organization","name":"helyo architectes","alternateName":"helyo","url":"http:\/\/helyoarchitectes.com\/","logo":{"@type":"ImageObject","inLanguage":"fr-FR","@id":"http:\/\/helyoarchitectes.com\/#\/schema\/logo\/image\/","url":"https:\/\/helyoarchitectes.com\/wp-content\/uploads\/2023\/01\/cropped-helyo_architectes_final.jpg","contentUrl":"https:\/\/helyoarchitectes.com\/wp-content\/uploads\/2023\/01\/cropped-helyo_architectes_final.jpg","width":478,"height":276,"caption":"helyo architectes"},"image":{"@id":"http:\/\/helyoarchitectes.com\/#\/schema\/logo\/image\/"}}]}},"_links":{"self":[{"href":"https:\/\/helyoarchitectes.com\/index.php?rest_route=\/wp\/v2\/pages\/46","targetHints":{"allow":["GET"]}}],"collection":[{"href":"https:\/\/helyoarchitectes.com\/index.php?rest_route=\/wp\/v2\/pages"}],"about":[{"href":"https:\/\/helyoarchitectes.com\/index.php?rest_route=\/wp\/v2\/types\/page"}],"author":[{"embeddable":true,"href":"https:\/\/helyoarchitectes.com\/index.php?rest_route=\/wp\/v2\/users\/1"}],"replies":[{"embeddable":true,"href":"https:\/\/helyoarchitectes.com\/index.php?rest_route=%2Fwp%2Fv2%2Fcomments&post=46"}],"version-history":[{"count":14,"href":"https:\/\/helyoarchitectes.com\/index.php?rest_route=\/wp\/v2\/pages\/46\/revisions"}],"predecessor-version":[{"id":388,"href":"https:\/\/helyoarchitectes.com\/index.php?rest_route=\/wp\/v2\/pages\/46\/revisions\/388"}],"wp:attachment":[{"href":"https:\/\/helyoarchitectes.com\/index.php?rest_route=%2Fwp%2Fv2%2Fmedia&parent=46"}],"curies":[{"name":"wp","href":"https:\/\/api.w.org\/{rel}","templated":true}]}}