{"id":44,"date":"2023-01-11T10:21:27","date_gmt":"2023-01-11T09:21:27","guid":{"rendered":"http:\/\/helyoarchitectes.com\/?page_id=44"},"modified":"2023-01-17T12:15:45","modified_gmt":"2023-01-17T11:15:45","slug":"sevea","status":"publish","type":"page","link":"https:\/\/helyoarchitectes.com\/?page_id=44","title":{"rendered":"SEVEA"},"content":{"rendered":"\t\t<div data-elementor-type=\"wp-page\" data-elementor-id=\"44\" class=\"elementor elementor-44\">\n\t\t\t\t\t\t<section class=\"elementor-section elementor-top-section elementor-element elementor-element-8ca1d07 elementor-section-full_width elementor-section-height-default elementor-section-height-default\" data-id=\"8ca1d07\" data-element_type=\"section\" data-e-type=\"section\">\n\t\t\t\t\t\t<div class=\"elementor-container elementor-column-gap-default\">\n\t\t\t\t\t<div class=\"elementor-column elementor-col-100 elementor-top-column elementor-element elementor-element-1ff2a40\" data-id=\"1ff2a40\" data-element_type=\"column\" data-e-type=\"column\">\n\t\t\t<div class=\"elementor-widget-wrap elementor-element-populated\">\n\t\t\t\t\t\t<div class=\"elementor-element elementor-element-227f713 elementor-widget elementor-widget-heading\" data-id=\"227f713\" data-element_type=\"widget\" data-e-type=\"widget\" data-widget_type=\"heading.default\">\n\t\t\t\t<div class=\"elementor-widget-container\">\n\t\t\t\t\t<h2 class=\"elementor-heading-title elementor-size-default\">SEVEA  CALUIRE ET CUIRE (69)<\/h2>\t\t\t\t<\/div>\n\t\t\t\t<\/div>\n\t\t\t\t\t<\/div>\n\t\t<\/div>\n\t\t\t\t\t<\/div>\n\t\t<\/section>\n\t\t\t\t<section class=\"elementor-section elementor-top-section elementor-element elementor-element-93f35e5 elementor-section-full_width elementor-section-height-default elementor-section-height-default\" data-id=\"93f35e5\" data-element_type=\"section\" data-e-type=\"section\">\n\t\t\t\t\t\t<div class=\"elementor-container elementor-column-gap-default\">\n\t\t\t\t\t<div class=\"elementor-column elementor-col-33 elementor-top-column elementor-element elementor-element-09bc680\" data-id=\"09bc680\" data-element_type=\"column\" data-e-type=\"column\">\n\t\t\t<div class=\"elementor-widget-wrap elementor-element-populated\">\n\t\t\t\t\t\t<div class=\"elementor-element elementor-element-b5da509 elementor-widget elementor-widget-text-editor\" data-id=\"b5da509\" data-element_type=\"widget\" data-e-type=\"widget\" data-widget_type=\"text-editor.default\">\n\t\t\t\t<div class=\"elementor-widget-container\">\n\t\t\t\t\t\t\t\t\t<p><b>PROGRAMME : Logements (51)<\/b><\/p>\n<p><b>MOA : LEM (conception) , Edouard Denis et Axis<\/b><\/p>\n<p><b>CALENDRIER : livraison 2021 (r\u00e9alis\u00e9 chez SUD)<\/b><\/p>\n<p><b>MONTANT : 5,65 M\u20ac HT<\/b><\/p>\n<p><b>SURFACES : 3 163 m\u00b2<\/b><\/p>\n<p><b>MISSION : Conception + Suivi Architectural<\/b><\/p>\n<p><b>LABEL : RT 2012 et NF Habitat<\/b><\/p>\n<p>Dans un contexte urbain diversifi\u00e9, le pari de ce projet est de cr\u00e9er un prolongement de la villa existante \u00e0 forte identit\u00e9 comme une extension contemporaine.<\/p>\n<p>Des liaisons de verre accrochent les volumes pour une belle harmonisation architecturale.<br>Les logements s\u2019orientent autour d\u2019un parc arbor\u00e9 conserv\u00e9 permettant ainsi \u00e0 l\u2019habitant de profiter pleinement de cet environnement privil\u00e9gi\u00e9.<\/p>\n<p>&nbsp;Le volume est le \u00ab maitre mot \u00bb, avec des logements b\u00e9n\u00e9ficiant de grandes hauteurs sous plafonds et de larges terrasses. Les appartements en attiques sont con\u00e7us comme des maisons avec de g\u00e9n\u00e9reux espaces ext\u00e9rieurs.<\/p>\n<p>L\u2019architecture souhait\u00e9e est \u00e9l\u00e9gante, douce et r\u00e9solument contemporaine alliant des mat\u00e9riaux qualitatifs et durables : pierre, bois et verre.<\/p>\t\t\t\t\t\t\t\t<\/div>\n\t\t\t\t<\/div>\n\t\t\t\t\t<\/div>\n\t\t<\/div>\n\t\t\t\t<div class=\"elementor-column elementor-col-33 elementor-top-column elementor-element elementor-element-c95b8c0\" data-id=\"c95b8c0\" data-element_type=\"column\" data-e-type=\"column\">\n\t\t\t<div class=\"elementor-widget-wrap elementor-element-populated\">\n\t\t\t\t\t\t<div class=\"elementor-element elementor-element-1e991cd elementor-widget elementor-widget-image\" data-id=\"1e991cd\" data-element_type=\"widget\" data-e-type=\"widget\" data-widget_type=\"image.default\">\n\t\t\t\t<div class=\"elementor-widget-container\">\n\t\t\t\t\t\t\t\t\t\t\t\t\t\t\t<img fetchpriority=\"high\" decoding=\"async\" width=\"1024\" height=\"682\" src=\"https:\/\/helyoarchitectes.com\/wp-content\/uploads\/2023\/01\/CaluireParc_C1V2_13_HD_FEVR-2016-2-1024x682.jpg\" class=\"attachment-large size-large wp-image-406\" alt=\"\" srcset=\"https:\/\/helyoarchitectes.com\/wp-content\/uploads\/2023\/01\/CaluireParc_C1V2_13_HD_FEVR-2016-2-1024x682.jpg 1024w, https:\/\/helyoarchitectes.com\/wp-content\/uploads\/2023\/01\/CaluireParc_C1V2_13_HD_FEVR-2016-2-300x200.jpg 300w, https:\/\/helyoarchitectes.com\/wp-content\/uploads\/2023\/01\/CaluireParc_C1V2_13_HD_FEVR-2016-2-768x512.jpg 768w, https:\/\/helyoarchitectes.com\/wp-content\/uploads\/2023\/01\/CaluireParc_C1V2_13_HD_FEVR-2016-2-1536x1024.jpg 1536w, https:\/\/helyoarchitectes.com\/wp-content\/uploads\/2023\/01\/CaluireParc_C1V2_13_HD_FEVR-2016-2.jpg 1772w\" sizes=\"(max-width: 1024px) 100vw, 1024px\" \/>\t\t\t\t\t\t\t\t\t\t\t\t\t\t\t<\/div>\n\t\t\t\t<\/div>\n\t\t\t\t<div class=\"elementor-element elementor-element-a1bbfd3 elementor-widget elementor-widget-image\" data-id=\"a1bbfd3\" data-element_type=\"widget\" data-e-type=\"widget\" data-widget_type=\"image.default\">\n\t\t\t\t<div class=\"elementor-widget-container\">\n\t\t\t\t\t\t\t\t\t\t\t\t\t\t\t<img decoding=\"async\" width=\"1024\" height=\"1024\" src=\"https:\/\/helyoarchitectes.com\/wp-content\/uploads\/2023\/01\/PM-copie-1024x1024.jpg\" class=\"attachment-large size-large wp-image-253\" alt=\"\" srcset=\"https:\/\/helyoarchitectes.com\/wp-content\/uploads\/2023\/01\/PM-copie-1024x1024.jpg 1024w, https:\/\/helyoarchitectes.com\/wp-content\/uploads\/2023\/01\/PM-copie-300x300.jpg 300w, https:\/\/helyoarchitectes.com\/wp-content\/uploads\/2023\/01\/PM-copie-150x150.jpg 150w, https:\/\/helyoarchitectes.com\/wp-content\/uploads\/2023\/01\/PM-copie-768x768.jpg 768w, https:\/\/helyoarchitectes.com\/wp-content\/uploads\/2023\/01\/PM-copie-1536x1536.jpg 1536w, https:\/\/helyoarchitectes.com\/wp-content\/uploads\/2023\/01\/PM-copie-600x600.jpg 600w, https:\/\/helyoarchitectes.com\/wp-content\/uploads\/2023\/01\/PM-copie.jpg 1772w\" sizes=\"(max-width: 1024px) 100vw, 1024px\" \/>\t\t\t\t\t\t\t\t\t\t\t\t\t\t\t<\/div>\n\t\t\t\t<\/div>\n\t\t\t\t\t<\/div>\n\t\t<\/div>\n\t\t\t\t<div class=\"elementor-column elementor-col-33 elementor-top-column elementor-element elementor-element-201884f\" data-id=\"201884f\" data-element_type=\"column\" data-e-type=\"column\">\n\t\t\t<div class=\"elementor-widget-wrap elementor-element-populated\">\n\t\t\t\t\t\t<div class=\"elementor-element elementor-element-9c5184a elementor-widget elementor-widget-image\" data-id=\"9c5184a\" data-element_type=\"widget\" data-e-type=\"widget\" data-widget_type=\"image.default\">\n\t\t\t\t<div class=\"elementor-widget-container\">\n\t\t\t\t\t\t\t\t\t\t\t\t\t\t\t<img decoding=\"async\" width=\"1024\" height=\"682\" src=\"https:\/\/helyoarchitectes.com\/wp-content\/uploads\/2023\/01\/4-Vue-du-Parc-1024x682.jpg\" class=\"attachment-large size-large wp-image-206\" alt=\"\" srcset=\"https:\/\/helyoarchitectes.com\/wp-content\/uploads\/2023\/01\/4-Vue-du-Parc-1024x682.jpg 1024w, https:\/\/helyoarchitectes.com\/wp-content\/uploads\/2023\/01\/4-Vue-du-Parc-300x200.jpg 300w, https:\/\/helyoarchitectes.com\/wp-content\/uploads\/2023\/01\/4-Vue-du-Parc-768x512.jpg 768w, https:\/\/helyoarchitectes.com\/wp-content\/uploads\/2023\/01\/4-Vue-du-Parc-1536x1024.jpg 1536w, https:\/\/helyoarchitectes.com\/wp-content\/uploads\/2023\/01\/4-Vue-du-Parc.jpg 1772w\" sizes=\"(max-width: 1024px) 100vw, 1024px\" \/>\t\t\t\t\t\t\t\t\t\t\t\t\t\t\t<\/div>\n\t\t\t\t<\/div>\n\t\t\t\t<div class=\"elementor-element elementor-element-8f1fab5 elementor-widget elementor-widget-image\" data-id=\"8f1fab5\" data-element_type=\"widget\" data-e-type=\"widget\" data-widget_type=\"image.default\">\n\t\t\t\t<div class=\"elementor-widget-container\">\n\t\t\t\t\t\t\t\t\t\t\t\t\t\t\t<img loading=\"lazy\" decoding=\"async\" width=\"1024\" height=\"682\" src=\"https:\/\/helyoarchitectes.com\/wp-content\/uploads\/2023\/01\/2-Vue-Generale-Exterieure-1-1024x682.jpg\" class=\"attachment-large size-large wp-image-205\" alt=\"\" srcset=\"https:\/\/helyoarchitectes.com\/wp-content\/uploads\/2023\/01\/2-Vue-Generale-Exterieure-1-1024x682.jpg 1024w, https:\/\/helyoarchitectes.com\/wp-content\/uploads\/2023\/01\/2-Vue-Generale-Exterieure-1-300x200.jpg 300w, https:\/\/helyoarchitectes.com\/wp-content\/uploads\/2023\/01\/2-Vue-Generale-Exterieure-1-768x512.jpg 768w, https:\/\/helyoarchitectes.com\/wp-content\/uploads\/2023\/01\/2-Vue-Generale-Exterieure-1-1536x1024.jpg 1536w, https:\/\/helyoarchitectes.com\/wp-content\/uploads\/2023\/01\/2-Vue-Generale-Exterieure-1.jpg 1772w\" sizes=\"(max-width: 1024px) 100vw, 1024px\" \/>\t\t\t\t\t\t\t\t\t\t\t\t\t\t\t<\/div>\n\t\t\t\t<\/div>\n\t\t\t\t<div class=\"elementor-element elementor-element-b41b774 elementor-widget elementor-widget-image\" data-id=\"b41b774\" data-element_type=\"widget\" data-e-type=\"widget\" data-widget_type=\"image.default\">\n\t\t\t\t<div class=\"elementor-widget-container\">\n\t\t\t\t\t\t\t\t\t\t\t\t\t\t\t<img loading=\"lazy\" decoding=\"async\" width=\"1024\" height=\"682\" src=\"https:\/\/helyoarchitectes.com\/wp-content\/uploads\/2023\/01\/1-Batiment-renove-1024x682.jpg\" class=\"attachment-large size-large wp-image-204\" alt=\"\" srcset=\"https:\/\/helyoarchitectes.com\/wp-content\/uploads\/2023\/01\/1-Batiment-renove-1024x682.jpg 1024w, https:\/\/helyoarchitectes.com\/wp-content\/uploads\/2023\/01\/1-Batiment-renove-300x200.jpg 300w, https:\/\/helyoarchitectes.com\/wp-content\/uploads\/2023\/01\/1-Batiment-renove-768x512.jpg 768w, https:\/\/helyoarchitectes.com\/wp-content\/uploads\/2023\/01\/1-Batiment-renove-1536x1024.jpg 1536w, https:\/\/helyoarchitectes.com\/wp-content\/uploads\/2023\/01\/1-Batiment-renove.jpg 1772w\" sizes=\"(max-width: 1024px) 100vw, 1024px\" \/>\t\t\t\t\t\t\t\t\t\t\t\t\t\t\t<\/div>\n\t\t\t\t<\/div>\n\t\t\t\t\t<\/div>\n\t\t<\/div>\n\t\t\t\t\t<\/div>\n\t\t<\/section>\n\t\t\t\t<\/div>\n\t\t","protected":false},"excerpt":{"rendered":"<p>SEVEA CALUIRE ET CUIRE (69) PROGRAMME : Logements (51) MOA : LEM (conception) , Edouard Denis et Axis CALENDRIER : livraison 2021 (r\u00e9alis\u00e9 chez SUD) MONTANT : 5,65 M\u20ac HT SURFACES : 3 163 m\u00b2 MISSION : Conception + Suivi Architectural LABEL : RT 2012 et NF Habitat Dans un contexte urbain diversifi\u00e9, le pari [&hellip;]<\/p>\n","protected":false},"author":1,"featured_media":0,"parent":0,"menu_order":0,"comment_status":"closed","ping_status":"closed","template":"","meta":{"ocean_post_layout":"","ocean_both_sidebars_style":"","ocean_both_sidebars_content_width":0,"ocean_both_sidebars_sidebars_width":0,"ocean_sidebar":"","ocean_second_sidebar":"","ocean_disable_margins":"enable","ocean_add_body_class":"","ocean_shortcode_before_top_bar":"","ocean_shortcode_after_top_bar":"","ocean_shortcode_before_header":"","ocean_shortcode_after_header":"","ocean_has_shortcode":"","ocean_shortcode_after_title":"","ocean_shortcode_before_footer_widgets":"","ocean_shortcode_after_footer_widgets":"","ocean_shortcode_before_footer_bottom":"","ocean_shortcode_after_footer_bottom":"","ocean_display_top_bar":"default","ocean_display_header":"default","ocean_header_style":"","ocean_center_header_left_menu":"","ocean_custom_header_template":"","ocean_custom_logo":0,"ocean_custom_retina_logo":0,"ocean_custom_logo_max_width":0,"ocean_custom_logo_tablet_max_width":0,"ocean_custom_logo_mobile_max_width":0,"ocean_custom_logo_max_height":0,"ocean_custom_logo_tablet_max_height":0,"ocean_custom_logo_mobile_max_height":0,"ocean_header_custom_menu":"","ocean_menu_typo_font_family":"","ocean_menu_typo_font_subset":"","ocean_menu_typo_font_size":0,"ocean_menu_typo_font_size_tablet":0,"ocean_menu_typo_font_size_mobile":0,"ocean_menu_typo_font_size_unit":"px","ocean_menu_typo_font_weight":"","ocean_menu_typo_font_weight_tablet":"","ocean_menu_typo_font_weight_mobile":"","ocean_menu_typo_transform":"","ocean_menu_typo_transform_tablet":"","ocean_menu_typo_transform_mobile":"","ocean_menu_typo_line_height":0,"ocean_menu_typo_line_height_tablet":0,"ocean_menu_typo_line_height_mobile":0,"ocean_menu_typo_line_height_unit":"","ocean_menu_typo_spacing":0,"ocean_menu_typo_spacing_tablet":0,"ocean_menu_typo_spacing_mobile":0,"ocean_menu_typo_spacing_unit":"","ocean_menu_link_color":"","ocean_menu_link_color_hover":"","ocean_menu_link_color_active":"","ocean_menu_link_background":"","ocean_menu_link_hover_background":"","ocean_menu_link_active_background":"","ocean_menu_social_links_bg":"","ocean_menu_social_hover_links_bg":"","ocean_menu_social_links_color":"","ocean_menu_social_hover_links_color":"","ocean_disable_title":"default","ocean_disable_heading":"default","ocean_post_title":"","ocean_post_subheading":"","ocean_post_title_style":"","ocean_post_title_background_color":"","ocean_post_title_background":0,"ocean_post_title_bg_image_position":"","ocean_post_title_bg_image_attachment":"","ocean_post_title_bg_image_repeat":"","ocean_post_title_bg_image_size":"","ocean_post_title_height":0,"ocean_post_title_bg_overlay":0.5,"ocean_post_title_bg_overlay_color":"","ocean_disable_breadcrumbs":"default","ocean_breadcrumbs_color":"","ocean_breadcrumbs_separator_color":"","ocean_breadcrumbs_links_color":"","ocean_breadcrumbs_links_hover_color":"","ocean_display_footer_widgets":"default","ocean_display_footer_bottom":"default","ocean_custom_footer_template":"","footnotes":""},"class_list":["post-44","page","type-page","status-publish","hentry","entry"],"yoast_head":"<!-- This site is optimized with the Yoast SEO plugin v22.3 - https:\/\/yoast.com\/wordpress\/plugins\/seo\/ -->\n<title>Helyo architectes<\/title>\n<meta name=\"description\" content=\"agence d&#039;architecture \u00e0 Lyon\" \/>\n<meta name=\"robots\" content=\"index, follow, max-snippet:-1, max-image-preview:large, max-video-preview:-1\" \/>\n<link rel=\"canonical\" href=\"http:\/\/helyoarchitectes.com\/?page_id=44\" \/>\n<meta property=\"og:locale\" content=\"fr_FR\" \/>\n<meta property=\"og:type\" content=\"article\" \/>\n<meta property=\"og:title\" content=\"Helyo architectes\" \/>\n<meta property=\"og:description\" content=\"agence d&#039;architecture \u00e0 Lyon\" \/>\n<meta property=\"og:url\" content=\"http:\/\/helyoarchitectes.com\/?page_id=44\" \/>\n<meta property=\"og:site_name\" content=\"Helyo architectes\" \/>\n<meta property=\"article:modified_time\" content=\"2023-01-17T11:15:45+00:00\" \/>\n<meta property=\"og:image\" content=\"http:\/\/helyoarchitectes.com\/wp-content\/uploads\/2023\/01\/CaluireParc_C1V2_13_HD_FEVR-2016-2-1024x682.jpg\" \/>\n<meta name=\"twitter:card\" content=\"summary_large_image\" \/>\n<meta name=\"twitter:label1\" content=\"Dur\u00e9e de lecture estim\u00e9e\" \/>\n\t<meta name=\"twitter:data1\" content=\"2 minutes\" \/>\n<script type=\"application\/ld+json\" class=\"yoast-schema-graph\">{\"@context\":\"https:\/\/schema.org\",\"@graph\":[{\"@type\":\"WebPage\",\"@id\":\"http:\/\/helyoarchitectes.com\/?page_id=44\",\"url\":\"http:\/\/helyoarchitectes.com\/?page_id=44\",\"name\":\"Helyo architectes\",\"isPartOf\":{\"@id\":\"http:\/\/helyoarchitectes.com\/#website\"},\"primaryImageOfPage\":{\"@id\":\"http:\/\/helyoarchitectes.com\/?page_id=44#primaryimage\"},\"image\":{\"@id\":\"http:\/\/helyoarchitectes.com\/?page_id=44#primaryimage\"},\"thumbnailUrl\":\"http:\/\/helyoarchitectes.com\/wp-content\/uploads\/2023\/01\/CaluireParc_C1V2_13_HD_FEVR-2016-2-1024x682.jpg\",\"datePublished\":\"2023-01-11T09:21:27+00:00\",\"dateModified\":\"2023-01-17T11:15:45+00:00\",\"description\":\"agence d'architecture \u00e0 Lyon\",\"breadcrumb\":{\"@id\":\"http:\/\/helyoarchitectes.com\/?page_id=44#breadcrumb\"},\"inLanguage\":\"fr-FR\",\"potentialAction\":[{\"@type\":\"ReadAction\",\"target\":[\"http:\/\/helyoarchitectes.com\/?page_id=44\"]}]},{\"@type\":\"ImageObject\",\"inLanguage\":\"fr-FR\",\"@id\":\"http:\/\/helyoarchitectes.com\/?page_id=44#primaryimage\",\"url\":\"https:\/\/helyoarchitectes.com\/wp-content\/uploads\/2023\/01\/CaluireParc_C1V2_13_HD_FEVR-2016-2.jpg\",\"contentUrl\":\"https:\/\/helyoarchitectes.com\/wp-content\/uploads\/2023\/01\/CaluireParc_C1V2_13_HD_FEVR-2016-2.jpg\",\"width\":1772,\"height\":1181},{\"@type\":\"BreadcrumbList\",\"@id\":\"http:\/\/helyoarchitectes.com\/?page_id=44#breadcrumb\",\"itemListElement\":[{\"@type\":\"ListItem\",\"position\":1,\"name\":\"Accueil\",\"item\":\"http:\/\/helyoarchitectes.com\/\"},{\"@type\":\"ListItem\",\"position\":2,\"name\":\"SEVEA\"}]},{\"@type\":\"WebSite\",\"@id\":\"http:\/\/helyoarchitectes.com\/#website\",\"url\":\"http:\/\/helyoarchitectes.com\/\",\"name\":\"helyoarchitectes.com\",\"description\":\"Un site utilisant WordPress\",\"publisher\":{\"@id\":\"http:\/\/helyoarchitectes.com\/#organization\"},\"alternateName\":\"helyoarchitectes.com\",\"potentialAction\":[{\"@type\":\"SearchAction\",\"target\":{\"@type\":\"EntryPoint\",\"urlTemplate\":\"http:\/\/helyoarchitectes.com\/?s={search_term_string}\"},\"query-input\":\"required name=search_term_string\"}],\"inLanguage\":\"fr-FR\"},{\"@type\":\"Organization\",\"@id\":\"http:\/\/helyoarchitectes.com\/#organization\",\"name\":\"helyo architectes\",\"alternateName\":\"helyo\",\"url\":\"http:\/\/helyoarchitectes.com\/\",\"logo\":{\"@type\":\"ImageObject\",\"inLanguage\":\"fr-FR\",\"@id\":\"http:\/\/helyoarchitectes.com\/#\/schema\/logo\/image\/\",\"url\":\"https:\/\/helyoarchitectes.com\/wp-content\/uploads\/2023\/01\/cropped-helyo_architectes_final.jpg\",\"contentUrl\":\"https:\/\/helyoarchitectes.com\/wp-content\/uploads\/2023\/01\/cropped-helyo_architectes_final.jpg\",\"width\":478,\"height\":276,\"caption\":\"helyo architectes\"},\"image\":{\"@id\":\"http:\/\/helyoarchitectes.com\/#\/schema\/logo\/image\/\"}}]}<\/script>\n<!-- \/ Yoast SEO plugin. -->","yoast_head_json":{"title":"Helyo architectes","description":"agence d'architecture \u00e0 Lyon","robots":{"index":"index","follow":"follow","max-snippet":"max-snippet:-1","max-image-preview":"max-image-preview:large","max-video-preview":"max-video-preview:-1"},"canonical":"http:\/\/helyoarchitectes.com\/?page_id=44","og_locale":"fr_FR","og_type":"article","og_title":"Helyo architectes","og_description":"agence d'architecture \u00e0 Lyon","og_url":"http:\/\/helyoarchitectes.com\/?page_id=44","og_site_name":"Helyo architectes","article_modified_time":"2023-01-17T11:15:45+00:00","og_image":[{"url":"http:\/\/helyoarchitectes.com\/wp-content\/uploads\/2023\/01\/CaluireParc_C1V2_13_HD_FEVR-2016-2-1024x682.jpg"}],"twitter_card":"summary_large_image","twitter_misc":{"Dur\u00e9e de lecture estim\u00e9e":"2 minutes"},"schema":{"@context":"https:\/\/schema.org","@graph":[{"@type":"WebPage","@id":"http:\/\/helyoarchitectes.com\/?page_id=44","url":"http:\/\/helyoarchitectes.com\/?page_id=44","name":"Helyo architectes","isPartOf":{"@id":"http:\/\/helyoarchitectes.com\/#website"},"primaryImageOfPage":{"@id":"http:\/\/helyoarchitectes.com\/?page_id=44#primaryimage"},"image":{"@id":"http:\/\/helyoarchitectes.com\/?page_id=44#primaryimage"},"thumbnailUrl":"http:\/\/helyoarchitectes.com\/wp-content\/uploads\/2023\/01\/CaluireParc_C1V2_13_HD_FEVR-2016-2-1024x682.jpg","datePublished":"2023-01-11T09:21:27+00:00","dateModified":"2023-01-17T11:15:45+00:00","description":"agence d'architecture \u00e0 Lyon","breadcrumb":{"@id":"http:\/\/helyoarchitectes.com\/?page_id=44#breadcrumb"},"inLanguage":"fr-FR","potentialAction":[{"@type":"ReadAction","target":["http:\/\/helyoarchitectes.com\/?page_id=44"]}]},{"@type":"ImageObject","inLanguage":"fr-FR","@id":"http:\/\/helyoarchitectes.com\/?page_id=44#primaryimage","url":"https:\/\/helyoarchitectes.com\/wp-content\/uploads\/2023\/01\/CaluireParc_C1V2_13_HD_FEVR-2016-2.jpg","contentUrl":"https:\/\/helyoarchitectes.com\/wp-content\/uploads\/2023\/01\/CaluireParc_C1V2_13_HD_FEVR-2016-2.jpg","width":1772,"height":1181},{"@type":"BreadcrumbList","@id":"http:\/\/helyoarchitectes.com\/?page_id=44#breadcrumb","itemListElement":[{"@type":"ListItem","position":1,"name":"Accueil","item":"http:\/\/helyoarchitectes.com\/"},{"@type":"ListItem","position":2,"name":"SEVEA"}]},{"@type":"WebSite","@id":"http:\/\/helyoarchitectes.com\/#website","url":"http:\/\/helyoarchitectes.com\/","name":"helyoarchitectes.com","description":"Un site utilisant WordPress","publisher":{"@id":"http:\/\/helyoarchitectes.com\/#organization"},"alternateName":"helyoarchitectes.com","potentialAction":[{"@type":"SearchAction","target":{"@type":"EntryPoint","urlTemplate":"http:\/\/helyoarchitectes.com\/?s={search_term_string}"},"query-input":"required name=search_term_string"}],"inLanguage":"fr-FR"},{"@type":"Organization","@id":"http:\/\/helyoarchitectes.com\/#organization","name":"helyo architectes","alternateName":"helyo","url":"http:\/\/helyoarchitectes.com\/","logo":{"@type":"ImageObject","inLanguage":"fr-FR","@id":"http:\/\/helyoarchitectes.com\/#\/schema\/logo\/image\/","url":"https:\/\/helyoarchitectes.com\/wp-content\/uploads\/2023\/01\/cropped-helyo_architectes_final.jpg","contentUrl":"https:\/\/helyoarchitectes.com\/wp-content\/uploads\/2023\/01\/cropped-helyo_architectes_final.jpg","width":478,"height":276,"caption":"helyo architectes"},"image":{"@id":"http:\/\/helyoarchitectes.com\/#\/schema\/logo\/image\/"}}]}},"_links":{"self":[{"href":"https:\/\/helyoarchitectes.com\/index.php?rest_route=\/wp\/v2\/pages\/44","targetHints":{"allow":["GET"]}}],"collection":[{"href":"https:\/\/helyoarchitectes.com\/index.php?rest_route=\/wp\/v2\/pages"}],"about":[{"href":"https:\/\/helyoarchitectes.com\/index.php?rest_route=\/wp\/v2\/types\/page"}],"author":[{"embeddable":true,"href":"https:\/\/helyoarchitectes.com\/index.php?rest_route=\/wp\/v2\/users\/1"}],"replies":[{"embeddable":true,"href":"https:\/\/helyoarchitectes.com\/index.php?rest_route=%2Fwp%2Fv2%2Fcomments&post=44"}],"version-history":[{"count":16,"href":"https:\/\/helyoarchitectes.com\/index.php?rest_route=\/wp\/v2\/pages\/44\/revisions"}],"predecessor-version":[{"id":452,"href":"https:\/\/helyoarchitectes.com\/index.php?rest_route=\/wp\/v2\/pages\/44\/revisions\/452"}],"wp:attachment":[{"href":"https:\/\/helyoarchitectes.com\/index.php?rest_route=%2Fwp%2Fv2%2Fmedia&parent=44"}],"curies":[{"name":"wp","href":"https:\/\/api.w.org\/{rel}","templated":true}]}}