{"id":42,"date":"2023-01-11T10:21:12","date_gmt":"2023-01-11T09:21:12","guid":{"rendered":"http:\/\/helyoarchitectes.com\/?page_id=42"},"modified":"2025-12-10T17:46:54","modified_gmt":"2025-12-10T16:46:54","slug":"garden-park","status":"publish","type":"page","link":"https:\/\/helyoarchitectes.com\/?page_id=42","title":{"rendered":"GARDEN PARK"},"content":{"rendered":"\t\t<div data-elementor-type=\"wp-page\" data-elementor-id=\"42\" class=\"elementor elementor-42\">\n\t\t\t\t\t\t<section class=\"elementor-section elementor-top-section elementor-element elementor-element-02c19c2 elementor-section-boxed elementor-section-height-default elementor-section-height-default\" data-id=\"02c19c2\" data-element_type=\"section\" data-e-type=\"section\">\n\t\t\t\t\t\t<div class=\"elementor-container elementor-column-gap-default\">\n\t\t\t\t\t<div class=\"elementor-column elementor-col-100 elementor-top-column elementor-element elementor-element-61ec57a\" data-id=\"61ec57a\" data-element_type=\"column\" data-e-type=\"column\">\n\t\t\t<div class=\"elementor-widget-wrap elementor-element-populated\">\n\t\t\t\t\t\t<div class=\"elementor-element elementor-element-c6405e1 elementor-widget elementor-widget-heading\" data-id=\"c6405e1\" data-element_type=\"widget\" data-e-type=\"widget\" data-widget_type=\"heading.default\">\n\t\t\t\t<div class=\"elementor-widget-container\">\n\t\t\t\t\t<h2 class=\"elementor-heading-title elementor-size-default\">GARDEN PARK  FERNEY VOLTAIRE (01)<\/h2>\t\t\t\t<\/div>\n\t\t\t\t<\/div>\n\t\t\t\t\t<\/div>\n\t\t<\/div>\n\t\t\t\t\t<\/div>\n\t\t<\/section>\n\t\t\t\t<section class=\"elementor-section elementor-top-section elementor-element elementor-element-92b914c elementor-section-full_width elementor-section-height-default elementor-section-height-default\" data-id=\"92b914c\" data-element_type=\"section\" data-e-type=\"section\">\n\t\t\t\t\t\t<div class=\"elementor-container elementor-column-gap-default\">\n\t\t\t\t\t<div class=\"elementor-column elementor-col-33 elementor-top-column elementor-element elementor-element-d057511\" data-id=\"d057511\" data-element_type=\"column\" data-e-type=\"column\">\n\t\t\t<div class=\"elementor-widget-wrap elementor-element-populated\">\n\t\t\t\t\t\t<div class=\"elementor-element elementor-element-4805de2 elementor-widget elementor-widget-text-editor\" data-id=\"4805de2\" data-element_type=\"widget\" data-e-type=\"widget\" data-widget_type=\"text-editor.default\">\n\t\t\t\t<div class=\"elementor-widget-container\">\n\t\t\t\t\t\t\t\t\t<p><b>PROGRAMME : Logements (395), h\u00f4tel (100 chambres), cr\u00e8che, espaces partag\u00e9s.<\/b><\/p><p><b>MOA : PRIAMS<\/b><\/p><p><b>CALENDRIER : livraison 2023 (r\u00e9alis\u00e9 chez SUD)<\/b><\/p><p><b>MONTANT : 17.4 M\u20ac HT<\/b><\/p><p><b>SURFACES : 32 400 m\u00b2<\/b><\/p><p><b>MISSION : Conception + Suivi Architectural<\/b><\/p><p>A l\u2019Ouest du centre de la ville de Ferney-Voltaire, l\u2019op\u00e9ration est aux carrefours d\u2019espaces strat\u00e9giques et divers : la ZAC \u00e0 l\u2019Est, une zone d\u2019habitats pavillonnaires au Nord et des espaces agricoles au Sud. Entre ruralit\u00e9 et urbanit\u00e9, le t\u00e8nement des \u00ab Planches Br\u00fbl\u00e9es \u00bb constitue un cadre de qualit\u00e9 pour d\u00e9velopper l\u2019offre de services et de logements.<br \/>Le programme se compose de 40 b\u00e2timents : individuels, habitats interm\u00e9diaires, collectifs et locaux d\u2019activit\u00e9s.<\/p><p>Les gabarits sont r\u00e9partis du R+1 jusqu\u2019au R+3 + attique.<\/p><p>les th\u00e9matiques de verger,\u00a0 prairie et parc viennent inspirer l&rsquo;architecture et cr\u00e9er la diversit\u00e9.<\/p>\t\t\t\t\t\t\t\t<\/div>\n\t\t\t\t<\/div>\n\t\t\t\t\t<\/div>\n\t\t<\/div>\n\t\t\t\t<div class=\"elementor-column elementor-col-33 elementor-top-column elementor-element elementor-element-5262a33\" data-id=\"5262a33\" data-element_type=\"column\" data-e-type=\"column\">\n\t\t\t<div class=\"elementor-widget-wrap elementor-element-populated\">\n\t\t\t\t\t\t<div class=\"elementor-element elementor-element-b8e38fd elementor-widget elementor-widget-image\" data-id=\"b8e38fd\" data-element_type=\"widget\" data-e-type=\"widget\" data-widget_type=\"image.default\">\n\t\t\t\t<div class=\"elementor-widget-container\">\n\t\t\t\t\t\t\t\t\t\t\t\t\t\t\t<img fetchpriority=\"high\" decoding=\"async\" width=\"1024\" height=\"682\" src=\"https:\/\/helyoarchitectes.com\/wp-content\/uploads\/2023\/01\/17017_FerneyVoltaire_COM-2_06-2-1024x682.jpg\" class=\"attachment-large size-large wp-image-320\" alt=\"\" srcset=\"https:\/\/helyoarchitectes.com\/wp-content\/uploads\/2023\/01\/17017_FerneyVoltaire_COM-2_06-2-1024x682.jpg 1024w, https:\/\/helyoarchitectes.com\/wp-content\/uploads\/2023\/01\/17017_FerneyVoltaire_COM-2_06-2-300x200.jpg 300w, https:\/\/helyoarchitectes.com\/wp-content\/uploads\/2023\/01\/17017_FerneyVoltaire_COM-2_06-2-768x512.jpg 768w, https:\/\/helyoarchitectes.com\/wp-content\/uploads\/2023\/01\/17017_FerneyVoltaire_COM-2_06-2-1536x1024.jpg 1536w, https:\/\/helyoarchitectes.com\/wp-content\/uploads\/2023\/01\/17017_FerneyVoltaire_COM-2_06-2.jpg 1772w\" sizes=\"(max-width: 1024px) 100vw, 1024px\" \/>\t\t\t\t\t\t\t\t\t\t\t\t\t\t\t<\/div>\n\t\t\t\t<\/div>\n\t\t\t\t<div class=\"elementor-element elementor-element-33ac1e8 elementor-widget elementor-widget-image\" data-id=\"33ac1e8\" data-element_type=\"widget\" data-e-type=\"widget\" data-widget_type=\"image.default\">\n\t\t\t\t<div class=\"elementor-widget-container\">\n\t\t\t\t\t\t\t\t\t\t\t\t\t\t\t<img decoding=\"async\" width=\"1024\" height=\"512\" src=\"https:\/\/helyoarchitectes.com\/wp-content\/uploads\/2023\/01\/417017_FerneyVoltaire_v3c10_aerienne_03-1024x512.jpg\" class=\"attachment-large size-large wp-image-157\" alt=\"\" srcset=\"https:\/\/helyoarchitectes.com\/wp-content\/uploads\/2023\/01\/417017_FerneyVoltaire_v3c10_aerienne_03-1024x512.jpg 1024w, https:\/\/helyoarchitectes.com\/wp-content\/uploads\/2023\/01\/417017_FerneyVoltaire_v3c10_aerienne_03-300x150.jpg 300w, https:\/\/helyoarchitectes.com\/wp-content\/uploads\/2023\/01\/417017_FerneyVoltaire_v3c10_aerienne_03-768x384.jpg 768w, https:\/\/helyoarchitectes.com\/wp-content\/uploads\/2023\/01\/417017_FerneyVoltaire_v3c10_aerienne_03-1536x768.jpg 1536w, https:\/\/helyoarchitectes.com\/wp-content\/uploads\/2023\/01\/417017_FerneyVoltaire_v3c10_aerienne_03-2048x1024.jpg 2048w\" sizes=\"(max-width: 1024px) 100vw, 1024px\" \/>\t\t\t\t\t\t\t\t\t\t\t\t\t\t\t<\/div>\n\t\t\t\t<\/div>\n\t\t\t\t<div class=\"elementor-element elementor-element-3956190 elementor-widget elementor-widget-image\" data-id=\"3956190\" data-element_type=\"widget\" data-e-type=\"widget\" data-widget_type=\"image.default\">\n\t\t\t\t<div class=\"elementor-widget-container\">\n\t\t\t\t\t\t\t\t\t\t\t\t\t\t\t<img decoding=\"async\" width=\"1024\" height=\"566\" src=\"https:\/\/helyoarchitectes.com\/wp-content\/uploads\/2023\/01\/Plans-fusionnes_-SUD-et-PAYSAGE_reduit-copie-1024x566.jpg\" class=\"attachment-large size-large wp-image-249\" alt=\"\" srcset=\"https:\/\/helyoarchitectes.com\/wp-content\/uploads\/2023\/01\/Plans-fusionnes_-SUD-et-PAYSAGE_reduit-copie-1024x566.jpg 1024w, https:\/\/helyoarchitectes.com\/wp-content\/uploads\/2023\/01\/Plans-fusionnes_-SUD-et-PAYSAGE_reduit-copie-300x166.jpg 300w, https:\/\/helyoarchitectes.com\/wp-content\/uploads\/2023\/01\/Plans-fusionnes_-SUD-et-PAYSAGE_reduit-copie-768x425.jpg 768w, https:\/\/helyoarchitectes.com\/wp-content\/uploads\/2023\/01\/Plans-fusionnes_-SUD-et-PAYSAGE_reduit-copie-1536x849.jpg 1536w, https:\/\/helyoarchitectes.com\/wp-content\/uploads\/2023\/01\/Plans-fusionnes_-SUD-et-PAYSAGE_reduit-copie.jpg 1772w\" sizes=\"(max-width: 1024px) 100vw, 1024px\" \/>\t\t\t\t\t\t\t\t\t\t\t\t\t\t\t<\/div>\n\t\t\t\t<\/div>\n\t\t\t\t<div class=\"elementor-element elementor-element-579ba02 elementor-widget elementor-widget-image\" data-id=\"579ba02\" data-element_type=\"widget\" data-e-type=\"widget\" data-widget_type=\"image.default\">\n\t\t\t\t<div class=\"elementor-widget-container\">\n\t\t\t\t\t\t\t\t\t\t\t\t\t\t\t<img loading=\"lazy\" decoding=\"async\" width=\"1024\" height=\"768\" src=\"https:\/\/helyoarchitectes.com\/wp-content\/uploads\/2025\/12\/12-1024x768.jpg\" class=\"attachment-large size-large wp-image-543\" alt=\"\" srcset=\"https:\/\/helyoarchitectes.com\/wp-content\/uploads\/2025\/12\/12-1024x768.jpg 1024w, https:\/\/helyoarchitectes.com\/wp-content\/uploads\/2025\/12\/12-300x225.jpg 300w, https:\/\/helyoarchitectes.com\/wp-content\/uploads\/2025\/12\/12-768x576.jpg 768w, https:\/\/helyoarchitectes.com\/wp-content\/uploads\/2025\/12\/12-1536x1152.jpg 1536w, https:\/\/helyoarchitectes.com\/wp-content\/uploads\/2025\/12\/12.jpg 2016w\" sizes=\"(max-width: 1024px) 100vw, 1024px\" \/>\t\t\t\t\t\t\t\t\t\t\t\t\t\t\t<\/div>\n\t\t\t\t<\/div>\n\t\t\t\t<div class=\"elementor-element elementor-element-56df16f elementor-widget elementor-widget-image\" data-id=\"56df16f\" data-element_type=\"widget\" data-e-type=\"widget\" data-widget_type=\"image.default\">\n\t\t\t\t<div class=\"elementor-widget-container\">\n\t\t\t\t\t\t\t\t\t\t\t\t\t\t\t<img loading=\"lazy\" decoding=\"async\" width=\"1024\" height=\"768\" src=\"https:\/\/helyoarchitectes.com\/wp-content\/uploads\/2025\/12\/11-1024x768.jpg\" class=\"attachment-large size-large wp-image-542\" alt=\"\" srcset=\"https:\/\/helyoarchitectes.com\/wp-content\/uploads\/2025\/12\/11-1024x768.jpg 1024w, https:\/\/helyoarchitectes.com\/wp-content\/uploads\/2025\/12\/11-300x225.jpg 300w, https:\/\/helyoarchitectes.com\/wp-content\/uploads\/2025\/12\/11-768x576.jpg 768w, https:\/\/helyoarchitectes.com\/wp-content\/uploads\/2025\/12\/11-1536x1152.jpg 1536w, https:\/\/helyoarchitectes.com\/wp-content\/uploads\/2025\/12\/11.jpg 2016w\" sizes=\"(max-width: 1024px) 100vw, 1024px\" \/>\t\t\t\t\t\t\t\t\t\t\t\t\t\t\t<\/div>\n\t\t\t\t<\/div>\n\t\t\t\t\t<\/div>\n\t\t<\/div>\n\t\t\t\t<div class=\"elementor-column elementor-col-33 elementor-top-column elementor-element elementor-element-139ff53\" data-id=\"139ff53\" data-element_type=\"column\" data-e-type=\"column\">\n\t\t\t<div class=\"elementor-widget-wrap elementor-element-populated\">\n\t\t\t\t\t\t<div class=\"elementor-element elementor-element-cdf4847 elementor-widget elementor-widget-image\" data-id=\"cdf4847\" data-element_type=\"widget\" data-e-type=\"widget\" data-widget_type=\"image.default\">\n\t\t\t\t<div class=\"elementor-widget-container\">\n\t\t\t\t\t\t\t\t\t\t\t\t\t\t\t<img loading=\"lazy\" decoding=\"async\" width=\"1024\" height=\"768\" src=\"https:\/\/helyoarchitectes.com\/wp-content\/uploads\/2025\/12\/26-1024x768.jpg\" class=\"attachment-large size-large wp-image-541\" alt=\"\" srcset=\"https:\/\/helyoarchitectes.com\/wp-content\/uploads\/2025\/12\/26-1024x768.jpg 1024w, https:\/\/helyoarchitectes.com\/wp-content\/uploads\/2025\/12\/26-300x225.jpg 300w, https:\/\/helyoarchitectes.com\/wp-content\/uploads\/2025\/12\/26-768x576.jpg 768w, https:\/\/helyoarchitectes.com\/wp-content\/uploads\/2025\/12\/26-1536x1152.jpg 1536w, https:\/\/helyoarchitectes.com\/wp-content\/uploads\/2025\/12\/26.jpg 2016w\" sizes=\"(max-width: 1024px) 100vw, 1024px\" \/>\t\t\t\t\t\t\t\t\t\t\t\t\t\t\t<\/div>\n\t\t\t\t<\/div>\n\t\t\t\t<div class=\"elementor-element elementor-element-9d1616b elementor-widget elementor-widget-image\" data-id=\"9d1616b\" data-element_type=\"widget\" data-e-type=\"widget\" data-widget_type=\"image.default\">\n\t\t\t\t<div class=\"elementor-widget-container\">\n\t\t\t\t\t\t\t\t\t\t\t\t\t\t\t<img loading=\"lazy\" decoding=\"async\" width=\"768\" height=\"1024\" src=\"https:\/\/helyoarchitectes.com\/wp-content\/uploads\/2025\/12\/17-768x1024.jpg\" class=\"attachment-large size-large wp-image-540\" alt=\"\" srcset=\"https:\/\/helyoarchitectes.com\/wp-content\/uploads\/2025\/12\/17-768x1024.jpg 768w, https:\/\/helyoarchitectes.com\/wp-content\/uploads\/2025\/12\/17-225x300.jpg 225w, https:\/\/helyoarchitectes.com\/wp-content\/uploads\/2025\/12\/17-1152x1536.jpg 1152w, https:\/\/helyoarchitectes.com\/wp-content\/uploads\/2025\/12\/17.jpg 1512w\" sizes=\"(max-width: 768px) 100vw, 768px\" \/>\t\t\t\t\t\t\t\t\t\t\t\t\t\t\t<\/div>\n\t\t\t\t<\/div>\n\t\t\t\t<div class=\"elementor-element elementor-element-5647e93 elementor-widget elementor-widget-image\" data-id=\"5647e93\" data-element_type=\"widget\" data-e-type=\"widget\" data-widget_type=\"image.default\">\n\t\t\t\t<div class=\"elementor-widget-container\">\n\t\t\t\t\t\t\t\t\t\t\t\t\t\t\t<img loading=\"lazy\" decoding=\"async\" width=\"1024\" height=\"768\" src=\"https:\/\/helyoarchitectes.com\/wp-content\/uploads\/2025\/12\/24-1024x768.jpg\" class=\"attachment-large size-large wp-image-544\" alt=\"\" srcset=\"https:\/\/helyoarchitectes.com\/wp-content\/uploads\/2025\/12\/24-1024x768.jpg 1024w, https:\/\/helyoarchitectes.com\/wp-content\/uploads\/2025\/12\/24-300x225.jpg 300w, https:\/\/helyoarchitectes.com\/wp-content\/uploads\/2025\/12\/24-768x576.jpg 768w, https:\/\/helyoarchitectes.com\/wp-content\/uploads\/2025\/12\/24-1536x1152.jpg 1536w, https:\/\/helyoarchitectes.com\/wp-content\/uploads\/2025\/12\/24.jpg 2016w\" sizes=\"(max-width: 1024px) 100vw, 1024px\" \/>\t\t\t\t\t\t\t\t\t\t\t\t\t\t\t<\/div>\n\t\t\t\t<\/div>\n\t\t\t\t<div class=\"elementor-element elementor-element-0190952 elementor-widget elementor-widget-image\" data-id=\"0190952\" data-element_type=\"widget\" data-e-type=\"widget\" data-widget_type=\"image.default\">\n\t\t\t\t<div class=\"elementor-widget-container\">\n\t\t\t\t\t\t\t\t\t\t\t\t\t\t\t<img loading=\"lazy\" decoding=\"async\" width=\"1024\" height=\"682\" src=\"https:\/\/helyoarchitectes.com\/wp-content\/uploads\/2023\/01\/19-1-1024x682.jpg\" class=\"attachment-large size-large wp-image-247\" alt=\"\" srcset=\"https:\/\/helyoarchitectes.com\/wp-content\/uploads\/2023\/01\/19-1-1024x682.jpg 1024w, https:\/\/helyoarchitectes.com\/wp-content\/uploads\/2023\/01\/19-1-300x200.jpg 300w, https:\/\/helyoarchitectes.com\/wp-content\/uploads\/2023\/01\/19-1-768x512.jpg 768w, https:\/\/helyoarchitectes.com\/wp-content\/uploads\/2023\/01\/19-1-1536x1024.jpg 1536w, https:\/\/helyoarchitectes.com\/wp-content\/uploads\/2023\/01\/19-1.jpg 1772w\" sizes=\"(max-width: 1024px) 100vw, 1024px\" \/>\t\t\t\t\t\t\t\t\t\t\t\t\t\t\t<\/div>\n\t\t\t\t<\/div>\n\t\t\t\t\t<\/div>\n\t\t<\/div>\n\t\t\t\t\t<\/div>\n\t\t<\/section>\n\t\t\t\t<section class=\"elementor-section elementor-top-section elementor-element elementor-element-a04bf0a elementor-section-boxed elementor-section-height-default elementor-section-height-default\" data-id=\"a04bf0a\" data-element_type=\"section\" data-e-type=\"section\">\n\t\t\t\t\t\t<div class=\"elementor-container elementor-column-gap-default\">\n\t\t\t\t\t<div class=\"elementor-column elementor-col-100 elementor-top-column elementor-element elementor-element-5ec237a\" data-id=\"5ec237a\" data-element_type=\"column\" data-e-type=\"column\">\n\t\t\t<div class=\"elementor-widget-wrap\">\n\t\t\t\t\t\t\t<\/div>\n\t\t<\/div>\n\t\t\t\t\t<\/div>\n\t\t<\/section>\n\t\t\t\t<\/div>\n\t\t","protected":false},"excerpt":{"rendered":"<p>GARDEN PARK FERNEY VOLTAIRE (01) PROGRAMME : Logements (395), h\u00f4tel (100 chambres), cr\u00e8che, espaces partag\u00e9s. MOA : PRIAMS CALENDRIER : livraison 2023 (r\u00e9alis\u00e9 chez SUD) MONTANT : 17.4 M\u20ac HT SURFACES : 32 400 m\u00b2 MISSION : Conception + Suivi Architectural A l\u2019Ouest du centre de la ville de Ferney-Voltaire, l\u2019op\u00e9ration est aux carrefours d\u2019espaces [&hellip;]<\/p>\n","protected":false},"author":1,"featured_media":0,"parent":0,"menu_order":0,"comment_status":"closed","ping_status":"closed","template":"","meta":{"ocean_post_layout":"","ocean_both_sidebars_style":"","ocean_both_sidebars_content_width":0,"ocean_both_sidebars_sidebars_width":0,"ocean_sidebar":"","ocean_second_sidebar":"","ocean_disable_margins":"enable","ocean_add_body_class":"","ocean_shortcode_before_top_bar":"","ocean_shortcode_after_top_bar":"","ocean_shortcode_before_header":"","ocean_shortcode_after_header":"","ocean_has_shortcode":"","ocean_shortcode_after_title":"","ocean_shortcode_before_footer_widgets":"","ocean_shortcode_after_footer_widgets":"","ocean_shortcode_before_footer_bottom":"","ocean_shortcode_after_footer_bottom":"","ocean_display_top_bar":"default","ocean_display_header":"default","ocean_header_style":"","ocean_center_header_left_menu":"","ocean_custom_header_template":"","ocean_custom_logo":0,"ocean_custom_retina_logo":0,"ocean_custom_logo_max_width":0,"ocean_custom_logo_tablet_max_width":0,"ocean_custom_logo_mobile_max_width":0,"ocean_custom_logo_max_height":0,"ocean_custom_logo_tablet_max_height":0,"ocean_custom_logo_mobile_max_height":0,"ocean_header_custom_menu":"","ocean_menu_typo_font_family":"","ocean_menu_typo_font_subset":"","ocean_menu_typo_font_size":0,"ocean_menu_typo_font_size_tablet":0,"ocean_menu_typo_font_size_mobile":0,"ocean_menu_typo_font_size_unit":"px","ocean_menu_typo_font_weight":"","ocean_menu_typo_font_weight_tablet":"","ocean_menu_typo_font_weight_mobile":"","ocean_menu_typo_transform":"","ocean_menu_typo_transform_tablet":"","ocean_menu_typo_transform_mobile":"","ocean_menu_typo_line_height":0,"ocean_menu_typo_line_height_tablet":0,"ocean_menu_typo_line_height_mobile":0,"ocean_menu_typo_line_height_unit":"","ocean_menu_typo_spacing":0,"ocean_menu_typo_spacing_tablet":0,"ocean_menu_typo_spacing_mobile":0,"ocean_menu_typo_spacing_unit":"","ocean_menu_link_color":"","ocean_menu_link_color_hover":"","ocean_menu_link_color_active":"","ocean_menu_link_background":"","ocean_menu_link_hover_background":"","ocean_menu_link_active_background":"","ocean_menu_social_links_bg":"","ocean_menu_social_hover_links_bg":"","ocean_menu_social_links_color":"","ocean_menu_social_hover_links_color":"","ocean_disable_title":"default","ocean_disable_heading":"default","ocean_post_title":"","ocean_post_subheading":"","ocean_post_title_style":"","ocean_post_title_background_color":"","ocean_post_title_background":0,"ocean_post_title_bg_image_position":"","ocean_post_title_bg_image_attachment":"","ocean_post_title_bg_image_repeat":"","ocean_post_title_bg_image_size":"","ocean_post_title_height":0,"ocean_post_title_bg_overlay":0.5,"ocean_post_title_bg_overlay_color":"","ocean_disable_breadcrumbs":"default","ocean_breadcrumbs_color":"","ocean_breadcrumbs_separator_color":"","ocean_breadcrumbs_links_color":"","ocean_breadcrumbs_links_hover_color":"","ocean_display_footer_widgets":"default","ocean_display_footer_bottom":"default","ocean_custom_footer_template":"","footnotes":""},"class_list":["post-42","page","type-page","status-publish","hentry","entry"],"yoast_head":"<!-- This site is optimized with the Yoast SEO plugin v22.3 - https:\/\/yoast.com\/wordpress\/plugins\/seo\/ -->\n<title>Helyo architectes<\/title>\n<meta name=\"description\" content=\"agence d&#039;architecture \u00e0 Lyon\" \/>\n<meta name=\"robots\" content=\"index, follow, max-snippet:-1, max-image-preview:large, max-video-preview:-1\" \/>\n<link rel=\"canonical\" href=\"http:\/\/helyoarchitectes.com\/?page_id=42\" \/>\n<meta property=\"og:locale\" content=\"fr_FR\" \/>\n<meta property=\"og:type\" content=\"article\" \/>\n<meta property=\"og:title\" content=\"Helyo architectes\" \/>\n<meta property=\"og:description\" content=\"agence d&#039;architecture \u00e0 Lyon\" \/>\n<meta property=\"og:url\" content=\"http:\/\/helyoarchitectes.com\/?page_id=42\" \/>\n<meta property=\"og:site_name\" content=\"Helyo architectes\" \/>\n<meta property=\"article:modified_time\" content=\"2025-12-10T16:46:54+00:00\" \/>\n<meta property=\"og:image\" content=\"http:\/\/helyoarchitectes.com\/wp-content\/uploads\/2023\/01\/17017_FerneyVoltaire_COM-2_06-2-1024x682.jpg\" \/>\n<meta name=\"twitter:card\" content=\"summary_large_image\" \/>\n<meta name=\"twitter:label1\" content=\"Dur\u00e9e de lecture estim\u00e9e\" \/>\n\t<meta name=\"twitter:data1\" content=\"3 minutes\" \/>\n<script type=\"application\/ld+json\" class=\"yoast-schema-graph\">{\"@context\":\"https:\/\/schema.org\",\"@graph\":[{\"@type\":\"WebPage\",\"@id\":\"http:\/\/helyoarchitectes.com\/?page_id=42\",\"url\":\"http:\/\/helyoarchitectes.com\/?page_id=42\",\"name\":\"Helyo architectes\",\"isPartOf\":{\"@id\":\"http:\/\/helyoarchitectes.com\/#website\"},\"primaryImageOfPage\":{\"@id\":\"http:\/\/helyoarchitectes.com\/?page_id=42#primaryimage\"},\"image\":{\"@id\":\"http:\/\/helyoarchitectes.com\/?page_id=42#primaryimage\"},\"thumbnailUrl\":\"http:\/\/helyoarchitectes.com\/wp-content\/uploads\/2023\/01\/17017_FerneyVoltaire_COM-2_06-2-1024x682.jpg\",\"datePublished\":\"2023-01-11T09:21:12+00:00\",\"dateModified\":\"2025-12-10T16:46:54+00:00\",\"description\":\"agence d'architecture \u00e0 Lyon\",\"breadcrumb\":{\"@id\":\"http:\/\/helyoarchitectes.com\/?page_id=42#breadcrumb\"},\"inLanguage\":\"fr-FR\",\"potentialAction\":[{\"@type\":\"ReadAction\",\"target\":[\"http:\/\/helyoarchitectes.com\/?page_id=42\"]}]},{\"@type\":\"ImageObject\",\"inLanguage\":\"fr-FR\",\"@id\":\"http:\/\/helyoarchitectes.com\/?page_id=42#primaryimage\",\"url\":\"https:\/\/helyoarchitectes.com\/wp-content\/uploads\/2023\/01\/17017_FerneyVoltaire_COM-2_06-2.jpg\",\"contentUrl\":\"https:\/\/helyoarchitectes.com\/wp-content\/uploads\/2023\/01\/17017_FerneyVoltaire_COM-2_06-2.jpg\",\"width\":1772,\"height\":1181},{\"@type\":\"BreadcrumbList\",\"@id\":\"http:\/\/helyoarchitectes.com\/?page_id=42#breadcrumb\",\"itemListElement\":[{\"@type\":\"ListItem\",\"position\":1,\"name\":\"Accueil\",\"item\":\"http:\/\/helyoarchitectes.com\/\"},{\"@type\":\"ListItem\",\"position\":2,\"name\":\"GARDEN PARK\"}]},{\"@type\":\"WebSite\",\"@id\":\"http:\/\/helyoarchitectes.com\/#website\",\"url\":\"http:\/\/helyoarchitectes.com\/\",\"name\":\"helyoarchitectes.com\",\"description\":\"Un site utilisant WordPress\",\"publisher\":{\"@id\":\"http:\/\/helyoarchitectes.com\/#organization\"},\"alternateName\":\"helyoarchitectes.com\",\"potentialAction\":[{\"@type\":\"SearchAction\",\"target\":{\"@type\":\"EntryPoint\",\"urlTemplate\":\"http:\/\/helyoarchitectes.com\/?s={search_term_string}\"},\"query-input\":\"required name=search_term_string\"}],\"inLanguage\":\"fr-FR\"},{\"@type\":\"Organization\",\"@id\":\"http:\/\/helyoarchitectes.com\/#organization\",\"name\":\"helyo architectes\",\"alternateName\":\"helyo\",\"url\":\"http:\/\/helyoarchitectes.com\/\",\"logo\":{\"@type\":\"ImageObject\",\"inLanguage\":\"fr-FR\",\"@id\":\"http:\/\/helyoarchitectes.com\/#\/schema\/logo\/image\/\",\"url\":\"https:\/\/helyoarchitectes.com\/wp-content\/uploads\/2023\/01\/cropped-helyo_architectes_final.jpg\",\"contentUrl\":\"https:\/\/helyoarchitectes.com\/wp-content\/uploads\/2023\/01\/cropped-helyo_architectes_final.jpg\",\"width\":478,\"height\":276,\"caption\":\"helyo architectes\"},\"image\":{\"@id\":\"http:\/\/helyoarchitectes.com\/#\/schema\/logo\/image\/\"}}]}<\/script>\n<!-- \/ Yoast SEO plugin. -->","yoast_head_json":{"title":"Helyo architectes","description":"agence d'architecture \u00e0 Lyon","robots":{"index":"index","follow":"follow","max-snippet":"max-snippet:-1","max-image-preview":"max-image-preview:large","max-video-preview":"max-video-preview:-1"},"canonical":"http:\/\/helyoarchitectes.com\/?page_id=42","og_locale":"fr_FR","og_type":"article","og_title":"Helyo architectes","og_description":"agence d'architecture \u00e0 Lyon","og_url":"http:\/\/helyoarchitectes.com\/?page_id=42","og_site_name":"Helyo architectes","article_modified_time":"2025-12-10T16:46:54+00:00","og_image":[{"url":"http:\/\/helyoarchitectes.com\/wp-content\/uploads\/2023\/01\/17017_FerneyVoltaire_COM-2_06-2-1024x682.jpg"}],"twitter_card":"summary_large_image","twitter_misc":{"Dur\u00e9e de lecture estim\u00e9e":"3 minutes"},"schema":{"@context":"https:\/\/schema.org","@graph":[{"@type":"WebPage","@id":"http:\/\/helyoarchitectes.com\/?page_id=42","url":"http:\/\/helyoarchitectes.com\/?page_id=42","name":"Helyo architectes","isPartOf":{"@id":"http:\/\/helyoarchitectes.com\/#website"},"primaryImageOfPage":{"@id":"http:\/\/helyoarchitectes.com\/?page_id=42#primaryimage"},"image":{"@id":"http:\/\/helyoarchitectes.com\/?page_id=42#primaryimage"},"thumbnailUrl":"http:\/\/helyoarchitectes.com\/wp-content\/uploads\/2023\/01\/17017_FerneyVoltaire_COM-2_06-2-1024x682.jpg","datePublished":"2023-01-11T09:21:12+00:00","dateModified":"2025-12-10T16:46:54+00:00","description":"agence d'architecture \u00e0 Lyon","breadcrumb":{"@id":"http:\/\/helyoarchitectes.com\/?page_id=42#breadcrumb"},"inLanguage":"fr-FR","potentialAction":[{"@type":"ReadAction","target":["http:\/\/helyoarchitectes.com\/?page_id=42"]}]},{"@type":"ImageObject","inLanguage":"fr-FR","@id":"http:\/\/helyoarchitectes.com\/?page_id=42#primaryimage","url":"https:\/\/helyoarchitectes.com\/wp-content\/uploads\/2023\/01\/17017_FerneyVoltaire_COM-2_06-2.jpg","contentUrl":"https:\/\/helyoarchitectes.com\/wp-content\/uploads\/2023\/01\/17017_FerneyVoltaire_COM-2_06-2.jpg","width":1772,"height":1181},{"@type":"BreadcrumbList","@id":"http:\/\/helyoarchitectes.com\/?page_id=42#breadcrumb","itemListElement":[{"@type":"ListItem","position":1,"name":"Accueil","item":"http:\/\/helyoarchitectes.com\/"},{"@type":"ListItem","position":2,"name":"GARDEN PARK"}]},{"@type":"WebSite","@id":"http:\/\/helyoarchitectes.com\/#website","url":"http:\/\/helyoarchitectes.com\/","name":"helyoarchitectes.com","description":"Un site utilisant WordPress","publisher":{"@id":"http:\/\/helyoarchitectes.com\/#organization"},"alternateName":"helyoarchitectes.com","potentialAction":[{"@type":"SearchAction","target":{"@type":"EntryPoint","urlTemplate":"http:\/\/helyoarchitectes.com\/?s={search_term_string}"},"query-input":"required name=search_term_string"}],"inLanguage":"fr-FR"},{"@type":"Organization","@id":"http:\/\/helyoarchitectes.com\/#organization","name":"helyo architectes","alternateName":"helyo","url":"http:\/\/helyoarchitectes.com\/","logo":{"@type":"ImageObject","inLanguage":"fr-FR","@id":"http:\/\/helyoarchitectes.com\/#\/schema\/logo\/image\/","url":"https:\/\/helyoarchitectes.com\/wp-content\/uploads\/2023\/01\/cropped-helyo_architectes_final.jpg","contentUrl":"https:\/\/helyoarchitectes.com\/wp-content\/uploads\/2023\/01\/cropped-helyo_architectes_final.jpg","width":478,"height":276,"caption":"helyo architectes"},"image":{"@id":"http:\/\/helyoarchitectes.com\/#\/schema\/logo\/image\/"}}]}},"_links":{"self":[{"href":"https:\/\/helyoarchitectes.com\/index.php?rest_route=\/wp\/v2\/pages\/42","targetHints":{"allow":["GET"]}}],"collection":[{"href":"https:\/\/helyoarchitectes.com\/index.php?rest_route=\/wp\/v2\/pages"}],"about":[{"href":"https:\/\/helyoarchitectes.com\/index.php?rest_route=\/wp\/v2\/types\/page"}],"author":[{"embeddable":true,"href":"https:\/\/helyoarchitectes.com\/index.php?rest_route=\/wp\/v2\/users\/1"}],"replies":[{"embeddable":true,"href":"https:\/\/helyoarchitectes.com\/index.php?rest_route=%2Fwp%2Fv2%2Fcomments&post=42"}],"version-history":[{"count":31,"href":"https:\/\/helyoarchitectes.com\/index.php?rest_route=\/wp\/v2\/pages\/42\/revisions"}],"predecessor-version":[{"id":601,"href":"https:\/\/helyoarchitectes.com\/index.php?rest_route=\/wp\/v2\/pages\/42\/revisions\/601"}],"wp:attachment":[{"href":"https:\/\/helyoarchitectes.com\/index.php?rest_route=%2Fwp%2Fv2%2Fmedia&parent=42"}],"curies":[{"name":"wp","href":"https:\/\/api.w.org\/{rel}","templated":true}]}}