{"id":38,"date":"2023-01-11T10:20:11","date_gmt":"2023-01-11T09:20:11","guid":{"rendered":"http:\/\/helyoarchitectes.com\/?page_id=38"},"modified":"2023-01-17T12:05:22","modified_gmt":"2023-01-17T11:05:22","slug":"lugdunum","status":"publish","type":"page","link":"https:\/\/helyoarchitectes.com\/?page_id=38","title":{"rendered":"LUGDUNUM"},"content":{"rendered":"\t\t<div data-elementor-type=\"wp-page\" data-elementor-id=\"38\" class=\"elementor elementor-38\">\n\t\t\t\t\t\t<section class=\"elementor-section elementor-top-section elementor-element elementor-element-4ec3ace elementor-section-boxed elementor-section-height-default elementor-section-height-default\" data-id=\"4ec3ace\" data-element_type=\"section\" data-e-type=\"section\">\n\t\t\t\t\t\t<div class=\"elementor-container elementor-column-gap-default\">\n\t\t\t\t\t<div class=\"elementor-column elementor-col-100 elementor-top-column elementor-element elementor-element-8f29b45\" data-id=\"8f29b45\" data-element_type=\"column\" data-e-type=\"column\">\n\t\t\t<div class=\"elementor-widget-wrap elementor-element-populated\">\n\t\t\t\t\t\t<div class=\"elementor-element elementor-element-a83d394 elementor-widget elementor-widget-heading\" data-id=\"a83d394\" data-element_type=\"widget\" data-e-type=\"widget\" data-widget_type=\"heading.default\">\n\t\t\t\t<div class=\"elementor-widget-container\">\n\t\t\t\t\t<h2 class=\"elementor-heading-title elementor-size-default\">LUGDUNUM    LYON9<\/h2>\t\t\t\t<\/div>\n\t\t\t\t<\/div>\n\t\t\t\t\t<\/div>\n\t\t<\/div>\n\t\t\t\t\t<\/div>\n\t\t<\/section>\n\t\t\t\t<section class=\"elementor-section elementor-top-section elementor-element elementor-element-abd12ac elementor-section-full_width elementor-section-height-default elementor-section-height-default\" data-id=\"abd12ac\" data-element_type=\"section\" data-e-type=\"section\">\n\t\t\t\t\t\t<div class=\"elementor-container elementor-column-gap-default\">\n\t\t\t\t\t<div class=\"elementor-column elementor-col-33 elementor-top-column elementor-element elementor-element-8193c0a\" data-id=\"8193c0a\" data-element_type=\"column\" data-e-type=\"column\">\n\t\t\t<div class=\"elementor-widget-wrap elementor-element-populated\">\n\t\t\t\t\t\t<div class=\"elementor-element elementor-element-123a557 elementor-widget elementor-widget-text-editor\" data-id=\"123a557\" data-element_type=\"widget\" data-e-type=\"widget\" data-widget_type=\"text-editor.default\">\n\t\t\t\t<div class=\"elementor-widget-container\">\n\t\t\t\t\t\t\t\t\t<p><strong>PR<\/strong><b>OGRAMME : 56 logements dont 25 logements sociaux<\/b><\/p>\n<p><b>MOA : Groupe LEM<\/b><\/p>\n<p><b>SURFACE : 6 159 m\u00b2 SHON<\/b><\/p>\n<p><b>CALENDRIER : livraison 2017 (r\u00e9alis\u00e9 chez SUD)<\/b><\/p>\n<p><b>PERFORMANCE ENERGETIQUE : RT2012 Qualitel (<span style=\"font-size: 14px; color: var( --e-global-color-text );\">B\u00e2timent A) &#8211; Etiquette AA (b\u00e2timents B et C)&nbsp;&nbsp;<\/span><\/b><span style=\"font-size: 14px; color: var( --e-global-color-text );\"><b>Structure boi<\/b>s<\/span><\/p>\n<p>Un programme de logements haute couture, sur un site class\u00e9 \u00e0 Lyon ancr\u00e9 dans l\u2019histoire vivante de la colline de Fourvi\u00e8re, Lugdunum emporte un il\u00f4t ancien dans la modernit\u00e9 d\u2019une r\u00e9sidence \u00ab haute couture \u00bb install\u00e9e dans un parc bois\u00e9. A port\u00e9e imm\u00e9diate de vestiges et monuments, on y cultive le vivre ensemble (56 logements de standing c\u00f4toient 25 logements sociaux) dans l\u2019esprit de l\u2019art de vivre lyonnais.<br>Des pavillons d\u2019\u00e9chelle conviviale participent \u00e0 l\u2019accueil d\u2019un paysage naturel et patrimonial.<br>Le raffinement et l\u2019\u00e9l\u00e9gance de l\u2019architecture classique lyonnaise sont \u00e9voqu\u00e9s jusque dans des \u00e9l\u00e9ments contemporains inspir\u00e9s par le vocabulaire \u201dArt D\u00e9co\u201d.<\/p>\n<p>Lignes graphiques claires, choix de mati\u00e8res plut\u00f4t que de couleurs promettent la p\u00e9rennit\u00e9 : pierre de parement, b\u00e9ton blanc, m\u00e9tal, verre\u2026 habillent les fa\u00e7ades ext\u00e9rieures et les parties communes et prolongent la noblesse propos\u00e9e par le site class\u00e9 des hauteurs de Lyon.<\/p>\t\t\t\t\t\t\t\t<\/div>\n\t\t\t\t<\/div>\n\t\t\t\t\t<\/div>\n\t\t<\/div>\n\t\t\t\t<div class=\"elementor-column elementor-col-33 elementor-top-column elementor-element elementor-element-a06a669\" data-id=\"a06a669\" data-element_type=\"column\" data-e-type=\"column\">\n\t\t\t<div class=\"elementor-widget-wrap elementor-element-populated\">\n\t\t\t\t\t\t<div class=\"elementor-element elementor-element-3fb47e1 elementor-widget elementor-widget-image\" data-id=\"3fb47e1\" data-element_type=\"widget\" data-e-type=\"widget\" data-widget_type=\"image.default\">\n\t\t\t\t<div class=\"elementor-widget-container\">\n\t\t\t\t\t\t\t\t\t\t\t\t\t\t\t<img fetchpriority=\"high\" decoding=\"async\" width=\"683\" height=\"1024\" src=\"https:\/\/helyoarchitectes.com\/wp-content\/uploads\/2023\/01\/PRP_6656_\u252c\u00ae_Studio_Erick_Saillet-1-683x1024.jpg\" class=\"attachment-large size-large wp-image-138\" alt=\"\" srcset=\"https:\/\/helyoarchitectes.com\/wp-content\/uploads\/2023\/01\/PRP_6656_\u252c\u00ae_Studio_Erick_Saillet-1-683x1024.jpg 683w, https:\/\/helyoarchitectes.com\/wp-content\/uploads\/2023\/01\/PRP_6656_\u252c\u00ae_Studio_Erick_Saillet-1-200x300.jpg 200w, https:\/\/helyoarchitectes.com\/wp-content\/uploads\/2023\/01\/PRP_6656_\u252c\u00ae_Studio_Erick_Saillet-1-768x1152.jpg 768w, https:\/\/helyoarchitectes.com\/wp-content\/uploads\/2023\/01\/PRP_6656_\u252c\u00ae_Studio_Erick_Saillet-1.jpg 968w\" sizes=\"(max-width: 683px) 100vw, 683px\" \/>\t\t\t\t\t\t\t\t\t\t\t\t\t\t\t<\/div>\n\t\t\t\t<\/div>\n\t\t\t\t<div class=\"elementor-element elementor-element-3f0bd98 elementor-widget elementor-widget-image\" data-id=\"3f0bd98\" data-element_type=\"widget\" data-e-type=\"widget\" data-widget_type=\"image.default\">\n\t\t\t\t<div class=\"elementor-widget-container\">\n\t\t\t\t\t\t\t\t\t\t\t\t\t\t\t<img decoding=\"async\" width=\"1024\" height=\"638\" src=\"https:\/\/helyoarchitectes.com\/wp-content\/uploads\/2023\/01\/Plaquette-Lem-Lugdunum_360x220_16-fev-9-1024x638.jpg\" class=\"attachment-large size-large wp-image-140\" alt=\"\" srcset=\"https:\/\/helyoarchitectes.com\/wp-content\/uploads\/2023\/01\/Plaquette-Lem-Lugdunum_360x220_16-fev-9-1024x638.jpg 1024w, https:\/\/helyoarchitectes.com\/wp-content\/uploads\/2023\/01\/Plaquette-Lem-Lugdunum_360x220_16-fev-9-300x187.jpg 300w, https:\/\/helyoarchitectes.com\/wp-content\/uploads\/2023\/01\/Plaquette-Lem-Lugdunum_360x220_16-fev-9-768x478.jpg 768w, https:\/\/helyoarchitectes.com\/wp-content\/uploads\/2023\/01\/Plaquette-Lem-Lugdunum_360x220_16-fev-9-1536x957.jpg 1536w, https:\/\/helyoarchitectes.com\/wp-content\/uploads\/2023\/01\/Plaquette-Lem-Lugdunum_360x220_16-fev-9-2048x1276.jpg 2048w\" sizes=\"(max-width: 1024px) 100vw, 1024px\" \/>\t\t\t\t\t\t\t\t\t\t\t\t\t\t\t<\/div>\n\t\t\t\t<\/div>\n\t\t\t\t\t<\/div>\n\t\t<\/div>\n\t\t\t\t<div class=\"elementor-column elementor-col-33 elementor-top-column elementor-element elementor-element-f45d172\" data-id=\"f45d172\" data-element_type=\"column\" data-e-type=\"column\">\n\t\t\t<div class=\"elementor-widget-wrap elementor-element-populated\">\n\t\t\t\t\t\t<div class=\"elementor-element elementor-element-07a9de9 elementor-widget elementor-widget-image\" data-id=\"07a9de9\" data-element_type=\"widget\" data-e-type=\"widget\" data-widget_type=\"image.default\">\n\t\t\t\t<div class=\"elementor-widget-container\">\n\t\t\t\t\t\t\t\t\t\t\t\t\t\t\t<img decoding=\"async\" width=\"682\" height=\"1024\" src=\"https:\/\/helyoarchitectes.com\/wp-content\/uploads\/2023\/01\/PRP_6712_\u252c\u00ae_Studio_Erick_Saillet-682x1024.jpg\" class=\"attachment-large size-large wp-image-139\" alt=\"\" srcset=\"https:\/\/helyoarchitectes.com\/wp-content\/uploads\/2023\/01\/PRP_6712_\u252c\u00ae_Studio_Erick_Saillet-682x1024.jpg 682w, https:\/\/helyoarchitectes.com\/wp-content\/uploads\/2023\/01\/PRP_6712_\u252c\u00ae_Studio_Erick_Saillet-200x300.jpg 200w, https:\/\/helyoarchitectes.com\/wp-content\/uploads\/2023\/01\/PRP_6712_\u252c\u00ae_Studio_Erick_Saillet-768x1153.jpg 768w, https:\/\/helyoarchitectes.com\/wp-content\/uploads\/2023\/01\/PRP_6712_\u252c\u00ae_Studio_Erick_Saillet.jpg 949w\" sizes=\"(max-width: 682px) 100vw, 682px\" \/>\t\t\t\t\t\t\t\t\t\t\t\t\t\t\t<\/div>\n\t\t\t\t<\/div>\n\t\t\t\t<div class=\"elementor-element elementor-element-7fce076 elementor-widget elementor-widget-image\" data-id=\"7fce076\" data-element_type=\"widget\" data-e-type=\"widget\" data-widget_type=\"image.default\">\n\t\t\t\t<div class=\"elementor-widget-container\">\n\t\t\t\t\t\t\t\t\t\t\t\t\t\t\t<img loading=\"lazy\" decoding=\"async\" width=\"1024\" height=\"683\" src=\"https:\/\/helyoarchitectes.com\/wp-content\/uploads\/2023\/01\/PRP_6738_\u252c\u00ae_Studio_Erick_Saillet-1024x683.jpg\" class=\"attachment-large size-large wp-image-141\" alt=\"\" srcset=\"https:\/\/helyoarchitectes.com\/wp-content\/uploads\/2023\/01\/PRP_6738_\u252c\u00ae_Studio_Erick_Saillet-1024x683.jpg 1024w, https:\/\/helyoarchitectes.com\/wp-content\/uploads\/2023\/01\/PRP_6738_\u252c\u00ae_Studio_Erick_Saillet-300x200.jpg 300w, https:\/\/helyoarchitectes.com\/wp-content\/uploads\/2023\/01\/PRP_6738_\u252c\u00ae_Studio_Erick_Saillet-768x512.jpg 768w, https:\/\/helyoarchitectes.com\/wp-content\/uploads\/2023\/01\/PRP_6738_\u252c\u00ae_Studio_Erick_Saillet.jpg 1452w\" sizes=\"(max-width: 1024px) 100vw, 1024px\" \/>\t\t\t\t\t\t\t\t\t\t\t\t\t\t\t<\/div>\n\t\t\t\t<\/div>\n\t\t\t\t\t<\/div>\n\t\t<\/div>\n\t\t\t\t\t<\/div>\n\t\t<\/section>\n\t\t\t\t<\/div>\n\t\t","protected":false},"excerpt":{"rendered":"<p>LUGDUNUM LYON9 PROGRAMME : 56 logements dont 25 logements sociaux MOA : Groupe LEM SURFACE : 6 159 m\u00b2 SHON CALENDRIER : livraison 2017 (r\u00e9alis\u00e9 chez SUD) PERFORMANCE ENERGETIQUE : RT2012 Qualitel (B\u00e2timent A) &#8211; Etiquette AA (b\u00e2timents B et C)&nbsp;&nbsp;Structure bois Un programme de logements haute couture, sur un site class\u00e9 \u00e0 Lyon ancr\u00e9 [&hellip;]<\/p>\n","protected":false},"author":1,"featured_media":0,"parent":0,"menu_order":0,"comment_status":"closed","ping_status":"closed","template":"","meta":{"ocean_post_layout":"","ocean_both_sidebars_style":"","ocean_both_sidebars_content_width":0,"ocean_both_sidebars_sidebars_width":0,"ocean_sidebar":"","ocean_second_sidebar":"","ocean_disable_margins":"enable","ocean_add_body_class":"","ocean_shortcode_before_top_bar":"","ocean_shortcode_after_top_bar":"","ocean_shortcode_before_header":"","ocean_shortcode_after_header":"","ocean_has_shortcode":"","ocean_shortcode_after_title":"","ocean_shortcode_before_footer_widgets":"","ocean_shortcode_after_footer_widgets":"","ocean_shortcode_before_footer_bottom":"","ocean_shortcode_after_footer_bottom":"","ocean_display_top_bar":"default","ocean_display_header":"default","ocean_header_style":"","ocean_center_header_left_menu":"","ocean_custom_header_template":"","ocean_custom_logo":0,"ocean_custom_retina_logo":0,"ocean_custom_logo_max_width":0,"ocean_custom_logo_tablet_max_width":0,"ocean_custom_logo_mobile_max_width":0,"ocean_custom_logo_max_height":0,"ocean_custom_logo_tablet_max_height":0,"ocean_custom_logo_mobile_max_height":0,"ocean_header_custom_menu":"","ocean_menu_typo_font_family":"","ocean_menu_typo_font_subset":"","ocean_menu_typo_font_size":0,"ocean_menu_typo_font_size_tablet":0,"ocean_menu_typo_font_size_mobile":0,"ocean_menu_typo_font_size_unit":"px","ocean_menu_typo_font_weight":"","ocean_menu_typo_font_weight_tablet":"","ocean_menu_typo_font_weight_mobile":"","ocean_menu_typo_transform":"","ocean_menu_typo_transform_tablet":"","ocean_menu_typo_transform_mobile":"","ocean_menu_typo_line_height":0,"ocean_menu_typo_line_height_tablet":0,"ocean_menu_typo_line_height_mobile":0,"ocean_menu_typo_line_height_unit":"","ocean_menu_typo_spacing":0,"ocean_menu_typo_spacing_tablet":0,"ocean_menu_typo_spacing_mobile":0,"ocean_menu_typo_spacing_unit":"","ocean_menu_link_color":"","ocean_menu_link_color_hover":"","ocean_menu_link_color_active":"","ocean_menu_link_background":"","ocean_menu_link_hover_background":"","ocean_menu_link_active_background":"","ocean_menu_social_links_bg":"","ocean_menu_social_hover_links_bg":"","ocean_menu_social_links_color":"","ocean_menu_social_hover_links_color":"","ocean_disable_title":"default","ocean_disable_heading":"default","ocean_post_title":"","ocean_post_subheading":"","ocean_post_title_style":"","ocean_post_title_background_color":"","ocean_post_title_background":0,"ocean_post_title_bg_image_position":"","ocean_post_title_bg_image_attachment":"","ocean_post_title_bg_image_repeat":"","ocean_post_title_bg_image_size":"","ocean_post_title_height":0,"ocean_post_title_bg_overlay":0.5,"ocean_post_title_bg_overlay_color":"","ocean_disable_breadcrumbs":"default","ocean_breadcrumbs_color":"","ocean_breadcrumbs_separator_color":"","ocean_breadcrumbs_links_color":"","ocean_breadcrumbs_links_hover_color":"","ocean_display_footer_widgets":"default","ocean_display_footer_bottom":"default","ocean_custom_footer_template":"","footnotes":""},"class_list":["post-38","page","type-page","status-publish","hentry","entry"],"yoast_head":"<!-- This site is optimized with the Yoast SEO plugin v22.3 - https:\/\/yoast.com\/wordpress\/plugins\/seo\/ -->\n<title>Helyo architectes<\/title>\n<meta name=\"description\" content=\"agence d&#039;architecture \u00e0 Lyon\" \/>\n<meta name=\"robots\" content=\"index, follow, max-snippet:-1, max-image-preview:large, max-video-preview:-1\" \/>\n<link rel=\"canonical\" href=\"https:\/\/helyoarchitectes.com\/?page_id=38\" \/>\n<meta property=\"og:locale\" content=\"fr_FR\" \/>\n<meta property=\"og:type\" content=\"article\" \/>\n<meta property=\"og:title\" content=\"Helyo architectes\" \/>\n<meta property=\"og:description\" content=\"agence d&#039;architecture \u00e0 Lyon\" \/>\n<meta property=\"og:url\" content=\"https:\/\/helyoarchitectes.com\/?page_id=38\" \/>\n<meta property=\"og:site_name\" content=\"Helyo architectes\" \/>\n<meta property=\"article:modified_time\" content=\"2023-01-17T11:05:22+00:00\" \/>\n<meta property=\"og:image\" content=\"http:\/\/helyoarchitectes.com\/wp-content\/uploads\/2023\/01\/Plaquette-Lem-Lugdunum_360x220_16-fev-9-1024x638.jpg\" \/>\n<meta name=\"twitter:card\" content=\"summary_large_image\" \/>\n<meta name=\"twitter:label1\" content=\"Dur\u00e9e de lecture estim\u00e9e\" \/>\n\t<meta name=\"twitter:data1\" content=\"2 minutes\" \/>\n<script type=\"application\/ld+json\" class=\"yoast-schema-graph\">{\"@context\":\"https:\/\/schema.org\",\"@graph\":[{\"@type\":\"WebPage\",\"@id\":\"https:\/\/helyoarchitectes.com\/?page_id=38\",\"url\":\"https:\/\/helyoarchitectes.com\/?page_id=38\",\"name\":\"Helyo architectes\",\"isPartOf\":{\"@id\":\"http:\/\/helyoarchitectes.com\/#website\"},\"primaryImageOfPage\":{\"@id\":\"https:\/\/helyoarchitectes.com\/?page_id=38#primaryimage\"},\"image\":{\"@id\":\"https:\/\/helyoarchitectes.com\/?page_id=38#primaryimage\"},\"thumbnailUrl\":\"http:\/\/helyoarchitectes.com\/wp-content\/uploads\/2023\/01\/Plaquette-Lem-Lugdunum_360x220_16-fev-9-1024x638.jpg\",\"datePublished\":\"2023-01-11T09:20:11+00:00\",\"dateModified\":\"2023-01-17T11:05:22+00:00\",\"description\":\"agence d'architecture \u00e0 Lyon\",\"breadcrumb\":{\"@id\":\"https:\/\/helyoarchitectes.com\/?page_id=38#breadcrumb\"},\"inLanguage\":\"fr-FR\",\"potentialAction\":[{\"@type\":\"ReadAction\",\"target\":[\"https:\/\/helyoarchitectes.com\/?page_id=38\"]}]},{\"@type\":\"ImageObject\",\"inLanguage\":\"fr-FR\",\"@id\":\"https:\/\/helyoarchitectes.com\/?page_id=38#primaryimage\",\"url\":\"https:\/\/helyoarchitectes.com\/wp-content\/uploads\/2023\/01\/Plaquette-Lem-Lugdunum_360x220_16-fev-9-scaled.jpg\",\"contentUrl\":\"https:\/\/helyoarchitectes.com\/wp-content\/uploads\/2023\/01\/Plaquette-Lem-Lugdunum_360x220_16-fev-9-scaled.jpg\",\"width\":2560,\"height\":1594},{\"@type\":\"BreadcrumbList\",\"@id\":\"https:\/\/helyoarchitectes.com\/?page_id=38#breadcrumb\",\"itemListElement\":[{\"@type\":\"ListItem\",\"position\":1,\"name\":\"Accueil\",\"item\":\"http:\/\/helyoarchitectes.com\/\"},{\"@type\":\"ListItem\",\"position\":2,\"name\":\"LUGDUNUM\"}]},{\"@type\":\"WebSite\",\"@id\":\"http:\/\/helyoarchitectes.com\/#website\",\"url\":\"http:\/\/helyoarchitectes.com\/\",\"name\":\"helyoarchitectes.com\",\"description\":\"Un site utilisant WordPress\",\"publisher\":{\"@id\":\"http:\/\/helyoarchitectes.com\/#organization\"},\"alternateName\":\"helyoarchitectes.com\",\"potentialAction\":[{\"@type\":\"SearchAction\",\"target\":{\"@type\":\"EntryPoint\",\"urlTemplate\":\"http:\/\/helyoarchitectes.com\/?s={search_term_string}\"},\"query-input\":\"required name=search_term_string\"}],\"inLanguage\":\"fr-FR\"},{\"@type\":\"Organization\",\"@id\":\"http:\/\/helyoarchitectes.com\/#organization\",\"name\":\"helyo architectes\",\"alternateName\":\"helyo\",\"url\":\"http:\/\/helyoarchitectes.com\/\",\"logo\":{\"@type\":\"ImageObject\",\"inLanguage\":\"fr-FR\",\"@id\":\"http:\/\/helyoarchitectes.com\/#\/schema\/logo\/image\/\",\"url\":\"https:\/\/helyoarchitectes.com\/wp-content\/uploads\/2023\/01\/cropped-helyo_architectes_final.jpg\",\"contentUrl\":\"https:\/\/helyoarchitectes.com\/wp-content\/uploads\/2023\/01\/cropped-helyo_architectes_final.jpg\",\"width\":478,\"height\":276,\"caption\":\"helyo architectes\"},\"image\":{\"@id\":\"http:\/\/helyoarchitectes.com\/#\/schema\/logo\/image\/\"}}]}<\/script>\n<!-- \/ Yoast SEO plugin. -->","yoast_head_json":{"title":"Helyo architectes","description":"agence d'architecture \u00e0 Lyon","robots":{"index":"index","follow":"follow","max-snippet":"max-snippet:-1","max-image-preview":"max-image-preview:large","max-video-preview":"max-video-preview:-1"},"canonical":"https:\/\/helyoarchitectes.com\/?page_id=38","og_locale":"fr_FR","og_type":"article","og_title":"Helyo architectes","og_description":"agence d'architecture \u00e0 Lyon","og_url":"https:\/\/helyoarchitectes.com\/?page_id=38","og_site_name":"Helyo architectes","article_modified_time":"2023-01-17T11:05:22+00:00","og_image":[{"url":"http:\/\/helyoarchitectes.com\/wp-content\/uploads\/2023\/01\/Plaquette-Lem-Lugdunum_360x220_16-fev-9-1024x638.jpg"}],"twitter_card":"summary_large_image","twitter_misc":{"Dur\u00e9e de lecture estim\u00e9e":"2 minutes"},"schema":{"@context":"https:\/\/schema.org","@graph":[{"@type":"WebPage","@id":"https:\/\/helyoarchitectes.com\/?page_id=38","url":"https:\/\/helyoarchitectes.com\/?page_id=38","name":"Helyo architectes","isPartOf":{"@id":"http:\/\/helyoarchitectes.com\/#website"},"primaryImageOfPage":{"@id":"https:\/\/helyoarchitectes.com\/?page_id=38#primaryimage"},"image":{"@id":"https:\/\/helyoarchitectes.com\/?page_id=38#primaryimage"},"thumbnailUrl":"http:\/\/helyoarchitectes.com\/wp-content\/uploads\/2023\/01\/Plaquette-Lem-Lugdunum_360x220_16-fev-9-1024x638.jpg","datePublished":"2023-01-11T09:20:11+00:00","dateModified":"2023-01-17T11:05:22+00:00","description":"agence d'architecture \u00e0 Lyon","breadcrumb":{"@id":"https:\/\/helyoarchitectes.com\/?page_id=38#breadcrumb"},"inLanguage":"fr-FR","potentialAction":[{"@type":"ReadAction","target":["https:\/\/helyoarchitectes.com\/?page_id=38"]}]},{"@type":"ImageObject","inLanguage":"fr-FR","@id":"https:\/\/helyoarchitectes.com\/?page_id=38#primaryimage","url":"https:\/\/helyoarchitectes.com\/wp-content\/uploads\/2023\/01\/Plaquette-Lem-Lugdunum_360x220_16-fev-9-scaled.jpg","contentUrl":"https:\/\/helyoarchitectes.com\/wp-content\/uploads\/2023\/01\/Plaquette-Lem-Lugdunum_360x220_16-fev-9-scaled.jpg","width":2560,"height":1594},{"@type":"BreadcrumbList","@id":"https:\/\/helyoarchitectes.com\/?page_id=38#breadcrumb","itemListElement":[{"@type":"ListItem","position":1,"name":"Accueil","item":"http:\/\/helyoarchitectes.com\/"},{"@type":"ListItem","position":2,"name":"LUGDUNUM"}]},{"@type":"WebSite","@id":"http:\/\/helyoarchitectes.com\/#website","url":"http:\/\/helyoarchitectes.com\/","name":"helyoarchitectes.com","description":"Un site utilisant WordPress","publisher":{"@id":"http:\/\/helyoarchitectes.com\/#organization"},"alternateName":"helyoarchitectes.com","potentialAction":[{"@type":"SearchAction","target":{"@type":"EntryPoint","urlTemplate":"http:\/\/helyoarchitectes.com\/?s={search_term_string}"},"query-input":"required name=search_term_string"}],"inLanguage":"fr-FR"},{"@type":"Organization","@id":"http:\/\/helyoarchitectes.com\/#organization","name":"helyo architectes","alternateName":"helyo","url":"http:\/\/helyoarchitectes.com\/","logo":{"@type":"ImageObject","inLanguage":"fr-FR","@id":"http:\/\/helyoarchitectes.com\/#\/schema\/logo\/image\/","url":"https:\/\/helyoarchitectes.com\/wp-content\/uploads\/2023\/01\/cropped-helyo_architectes_final.jpg","contentUrl":"https:\/\/helyoarchitectes.com\/wp-content\/uploads\/2023\/01\/cropped-helyo_architectes_final.jpg","width":478,"height":276,"caption":"helyo architectes"},"image":{"@id":"http:\/\/helyoarchitectes.com\/#\/schema\/logo\/image\/"}}]}},"_links":{"self":[{"href":"https:\/\/helyoarchitectes.com\/index.php?rest_route=\/wp\/v2\/pages\/38","targetHints":{"allow":["GET"]}}],"collection":[{"href":"https:\/\/helyoarchitectes.com\/index.php?rest_route=\/wp\/v2\/pages"}],"about":[{"href":"https:\/\/helyoarchitectes.com\/index.php?rest_route=\/wp\/v2\/types\/page"}],"author":[{"embeddable":true,"href":"https:\/\/helyoarchitectes.com\/index.php?rest_route=\/wp\/v2\/users\/1"}],"replies":[{"embeddable":true,"href":"https:\/\/helyoarchitectes.com\/index.php?rest_route=%2Fwp%2Fv2%2Fcomments&post=38"}],"version-history":[{"count":22,"href":"https:\/\/helyoarchitectes.com\/index.php?rest_route=\/wp\/v2\/pages\/38\/revisions"}],"predecessor-version":[{"id":440,"href":"https:\/\/helyoarchitectes.com\/index.php?rest_route=\/wp\/v2\/pages\/38\/revisions\/440"}],"wp:attachment":[{"href":"https:\/\/helyoarchitectes.com\/index.php?rest_route=%2Fwp%2Fv2%2Fmedia&parent=38"}],"curies":[{"name":"wp","href":"https:\/\/api.w.org\/{rel}","templated":true}]}}